{"id":21942,"date":"2018-11-25T09:52:05","date_gmt":"2018-11-25T09:52:05","guid":{"rendered":"https:\/\/tkart.eu\/produkt\/uncategorized\/drewniane-pudelko-na-przynety-z-plaskorzezba-pstraga\/"},"modified":"2026-04-03T15:47:52","modified_gmt":"2026-04-03T15:47:52","slug":"drewniane-pudelko-na-przynety-z-plaskorzezba-pstraga","status":"publish","type":"product","link":"https:\/\/tkart.eu\/lv\/produkt\/wooden-box\/drewniane-pudelko-na-przynety-z-plaskorzezba-pstraga\/","title":{"rendered":"Drewniane pude\u0142ko na przyn\u0119ty z p\u0142askorze\u017ab\u0105 przedstawiaj\u0105c\u0105 pstr\u0105ga"},"content":{"rendered":"<p><a href=\"https:\/\/tkart.eu\/wp-content\/uploads\/m-drewniane-pudelko-24x10-pstrag.jpg\"><img loading=\"lazy\" decoding=\"async\" class=\"aligncenter size-full wp-image-1214\" src=\"https:\/\/tkart.eu\/wp-content\/uploads\/m-drewniane-pudelko-24x10-pstrag.jpg\" alt=\"\" width=\"900\" height=\"599\" srcset=\"https:\/\/tkart.eu\/wp-content\/uploads\/m-drewniane-pudelko-24x10-pstrag.jpg 900w, https:\/\/tkart.eu\/wp-content\/uploads\/m-drewniane-pudelko-24x10-pstrag-600x399.jpg 600w, https:\/\/tkart.eu\/wp-content\/uploads\/m-drewniane-pudelko-24x10-pstrag-300x200.jpg 300w, https:\/\/tkart.eu\/wp-content\/uploads\/m-drewniane-pudelko-24x10-pstrag-150x100.jpg 150w\" sizes=\"auto, (max-width: 900px) 100vw, 900px\" \/><\/a><\/p>\n<p><a href=\"https:\/\/tkart.eu\/wp-content\/uploads\/m-drewniane-pudelko-24x10-pstrag4.jpg\"><img loading=\"lazy\" decoding=\"async\" class=\"aligncenter size-full wp-image-1228\" src=\"https:\/\/tkart.eu\/wp-content\/uploads\/m-drewniane-pudelko-24x10-pstrag4.jpg\" alt=\"\" width=\"900\" height=\"599\" srcset=\"https:\/\/tkart.eu\/wp-content\/uploads\/m-drewniane-pudelko-24x10-pstrag4.jpg 900w, https:\/\/tkart.eu\/wp-content\/uploads\/m-drewniane-pudelko-24x10-pstrag4-600x399.jpg 600w, https:\/\/tkart.eu\/wp-content\/uploads\/m-drewniane-pudelko-24x10-pstrag4-300x200.jpg 300w, https:\/\/tkart.eu\/wp-content\/uploads\/m-drewniane-pudelko-24x10-pstrag4-150x100.jpg 150w\" sizes=\"auto, (max-width: 900px) 100vw, 900px\" \/><\/a><a href=\"https:\/\/tkart.eu\/wp-content\/uploads\/m-drewniane-pudelko-24x10-pstrag3.jpg\"><img loading=\"lazy\" decoding=\"async\" class=\"aligncenter size-full wp-image-1227\" src=\"https:\/\/tkart.eu\/wp-content\/uploads\/m-drewniane-pudelko-24x10-pstrag3.jpg\" alt=\"\" width=\"900\" height=\"600\" srcset=\"https:\/\/tkart.eu\/wp-content\/uploads\/m-drewniane-pudelko-24x10-pstrag3.jpg 900w, https:\/\/tkart.eu\/wp-content\/uploads\/m-drewniane-pudelko-24x10-pstrag3-600x400.jpg 600w, https:\/\/tkart.eu\/wp-content\/uploads\/m-drewniane-pudelko-24x10-pstrag3-300x200.jpg 300w, https:\/\/tkart.eu\/wp-content\/uploads\/m-drewniane-pudelko-24x10-pstrag3-150x100.jpg 150w\" sizes=\"auto, (max-width: 900px) 100vw, 900px\" \/><\/a><a href=\"https:\/\/tkart.eu\/wp-content\/uploads\/m-drewniane-pudelko-24x10-pstrag2.jpg\"><img loading=\"lazy\" decoding=\"async\" class=\"aligncenter wp-image-1215\" src=\"https:\/\/tkart.eu\/wp-content\/uploads\/m-drewniane-pudelko-24x10-pstrag2.jpg\" alt=\"\" width=\"700\" height=\"466\" srcset=\"https:\/\/tkart.eu\/wp-content\/uploads\/m-drewniane-pudelko-24x10-pstrag2.jpg 900w, https:\/\/tkart.eu\/wp-content\/uploads\/m-drewniane-pudelko-24x10-pstrag2-600x399.jpg 600w, https:\/\/tkart.eu\/wp-content\/uploads\/m-drewniane-pudelko-24x10-pstrag2-300x200.jpg 300w, https:\/\/tkart.eu\/wp-content\/uploads\/m-drewniane-pudelko-24x10-pstrag2-150x100.jpg 150w\" sizes=\"auto, (max-width: 700px) 100vw, 700px\" \/><\/a><\/p>\n","protected":false},"excerpt":{"rendered":"<p><strong>Wykonane z litego drewna pude\u0142ko na przyn\u0119ty w\u0119dkarskie.<\/strong><\/p>\n<p>Wieko pude\u0142ka pokrywa p\u0142askorze\u017aba w postaci ozdobnego ornamentu. Wewn\u0105trz wieka znajduje si\u0119 p\u0142askorze\u017aba przedstawiaj\u0105ca pstr\u0105ga.<\/p>\n<p>Pstr\u0105g jest <strong>r\u0119cznie malowany<\/strong>, dlatego ka\u017cdy produkt lekko r\u00f3\u017cni si\u0119 od pozosta\u0142ych i jest unikatowy.<\/p>\n<p>Drewno: Olcha<br \/>\nWymiar pude\u0142ka: 240 x 100mm<\/p>\n<p>&nbsp;<\/p>\n<p>A box made of solid wood for fishing lures. The lid of the box covers the bas-relief in the form of a decorative ornament. Inside the lid is a bas-relief trout. The trout is hand-painted, which is why each product is slightly different from the others and is unique.<\/p>\n<p>Wood: Alder<br \/>\nDimension of the box: 240 x 100mm<\/p>\n","protected":false},"featured_media":21943,"template":"","meta":[],"product_brand":[],"product_cat":[2013],"product_tag":[],"class_list":{"0":"post-21942","1":"product","2":"type-product","3":"status-publish","4":"has-post-thumbnail","6":"product_cat-wooden-box","8":"first","9":"onbackorder","10":"shipping-taxable","11":"purchasable","12":"product-type-simple"},"aioseo_notices":[],"jetpack_sharing_enabled":true,"_links":{"self":[{"href":"https:\/\/tkart.eu\/lv\/wp-json\/wp\/v2\/product\/21942","targetHints":{"allow":["GET"]}}],"collection":[{"href":"https:\/\/tkart.eu\/lv\/wp-json\/wp\/v2\/product"}],"about":[{"href":"https:\/\/tkart.eu\/lv\/wp-json\/wp\/v2\/types\/product"}],"wp:featuredmedia":[{"embeddable":true,"href":"https:\/\/tkart.eu\/lv\/wp-json\/wp\/v2\/media\/21943"}],"wp:attachment":[{"href":"https:\/\/tkart.eu\/lv\/wp-json\/wp\/v2\/media?parent=21942"}],"wp:term":[{"taxonomy":"product_brand","embeddable":true,"href":"https:\/\/tkart.eu\/lv\/wp-json\/wp\/v2\/product_brand?post=21942"},{"taxonomy":"product_cat","embeddable":true,"href":"https:\/\/tkart.eu\/lv\/wp-json\/wp\/v2\/product_cat?post=21942"},{"taxonomy":"product_tag","embeddable":true,"href":"https:\/\/tkart.eu\/lv\/wp-json\/wp\/v2\/product_tag?post=21942"}],"curies":[{"name":"wp","href":"https:\/\/api.w.org\/{rel}","templated":true}]}}