{"id":20566,"date":"2025-06-02T20:13:08","date_gmt":"2025-06-02T20:13:08","guid":{"rendered":"https:\/\/tkart.eu\/produkt\/uncategorized\/ukleja-12-cm-dirty-white\/"},"modified":"2026-04-03T13:51:18","modified_gmt":"2026-04-03T13:51:18","slug":"ukleja-12-cm-dirty-white","status":"publish","type":"product","link":"https:\/\/tkart.eu\/lv\/produkt\/przynety-na-szczupaka\/przynety-gumowe\/ukleja-12-cm-dirty-white\/","title":{"rendered":"Ukleja 12 cm Dirty White"},"content":{"rendered":"","protected":false},"excerpt":{"rendered":"<p data-start=\"250\" data-end=\"566\"><strong data-start=\"250\" data-end=\"279\">Ukleja 12cm \u2013 Dirty White<\/strong> to mi\u0119kka przyn\u0119ta silikonowa o stonowanej, p\u00f3\u0142transparentnej kolorystyce przypominaj\u0105cej naturalne ubarwienie drobnicy. Subtelne przej\u015bcia od delikatnej bieli po ciemny grzbiet sprawiaj\u0105, \u017ce jest to niezwykle skuteczna przyn\u0119ta w czystych wodach i miejscach o du\u017cej presji w\u0119dkarskiej.<\/p>\n<p data-start=\"568\" data-end=\"685\">Realistyczny kszta\u0142t i ruch ogona wprowadzaj\u0105 drapie\u017cniki w b\u0142\u0105d \u2013 wygl\u0105da jak prawdziwa ukleja lub niewielka p\u0142otka.<\/p>\n<p data-start=\"869\" data-end=\"880\"><strong data-start=\"869\" data-end=\"880\">Zalety:<\/strong><\/p>\n<ul data-start=\"881\" data-end=\"1068\">\n<li data-start=\"881\" data-end=\"950\">\n<p data-start=\"883\" data-end=\"950\">Naturalna, subtelna kolorystyka \u2013 idealna na ostro\u017cne drapie\u017cniki<\/p>\n<\/li>\n<li data-start=\"951\" data-end=\"1008\">\n<p data-start=\"953\" data-end=\"1008\">Doskona\u0142a praca ogona i odwzorowanie ruchu ma\u0142ych ryb<\/p>\n<\/li>\n<li data-start=\"1009\" data-end=\"1068\">\n<p data-start=\"1011\" data-end=\"1068\">Uniwersalne zastosowanie w spinningu, opadzie i jigowaniu<\/p>\n<\/li>\n<\/ul>\n<p data-start=\"1070\" data-end=\"1159\">To przyn\u0119ta, kt\u00f3ra dzia\u0142a, gdy inne zawodz\u0105 \u2013 idealna na trudne warunki i p\u0142ochliwe ryby.<\/p>\n<p data-start=\"256\" data-end=\"583\">\n","protected":false},"featured_media":20567,"template":"","meta":[],"product_brand":[],"product_cat":[1304,1303,1489],"product_tag":[1531,1532,1533,1534,1535,1536,1537,1538,1539,1540],"class_list":{"0":"post-20566","1":"product","2":"type-product","3":"status-publish","4":"has-post-thumbnail","6":"product_cat-przynety-na-szczupaka","7":"product_cat-przynety-gumowe","8":"product_cat-ukleja","9":"product_tag-20g","10":"product_tag-dirty-yellow","11":"product_tag-hak-7-0","12":"product_tag-miekka-przyneta","13":"product_tag-predator-bait","14":"product_tag-przyneta-na-sandacza","15":"product_tag-przyneta-na-szczupaka","16":"product_tag-przyneta-realistyczna","17":"product_tag-przyneta-silikonowa-naturalna","18":"product_tag-ukleja-12cm","20":"first","21":"outofstock","22":"shipping-taxable","23":"purchasable","24":"product-type-simple"},"aioseo_notices":[],"jetpack_sharing_enabled":true,"_links":{"self":[{"href":"https:\/\/tkart.eu\/lv\/wp-json\/wp\/v2\/product\/20566","targetHints":{"allow":["GET"]}}],"collection":[{"href":"https:\/\/tkart.eu\/lv\/wp-json\/wp\/v2\/product"}],"about":[{"href":"https:\/\/tkart.eu\/lv\/wp-json\/wp\/v2\/types\/product"}],"wp:featuredmedia":[{"embeddable":true,"href":"https:\/\/tkart.eu\/lv\/wp-json\/wp\/v2\/media\/20567"}],"wp:attachment":[{"href":"https:\/\/tkart.eu\/lv\/wp-json\/wp\/v2\/media?parent=20566"}],"wp:term":[{"taxonomy":"product_brand","embeddable":true,"href":"https:\/\/tkart.eu\/lv\/wp-json\/wp\/v2\/product_brand?post=20566"},{"taxonomy":"product_cat","embeddable":true,"href":"https:\/\/tkart.eu\/lv\/wp-json\/wp\/v2\/product_cat?post=20566"},{"taxonomy":"product_tag","embeddable":true,"href":"https:\/\/tkart.eu\/lv\/wp-json\/wp\/v2\/product_tag?post=20566"}],"curies":[{"name":"wp","href":"https:\/\/api.w.org\/{rel}","templated":true}]}}