{"id":21521,"date":"2023-05-11T21:27:40","date_gmt":"2023-05-11T21:27:40","guid":{"rendered":"https:\/\/tkart.eu\/produkt\/be-kategorijos\/venom-fluo-yellow\/"},"modified":"2026-04-03T14:02:46","modified_gmt":"2026-04-03T14:02:46","slug":"venom-fluo-yellow","status":"publish","type":"product","link":"https:\/\/tkart.eu\/lt\/produkt\/przynety-na-szczupaka\/venom-fluo-yellow\/","title":{"rendered":"Venom &#8211; Fluo Yellow"},"content":{"rendered":"<p class=\"\" data-start=\"666\" data-end=\"707\"><strong data-start=\"666\" data-end=\"705\">Jaskrawy jerkbait na aktywne szczupaki<\/strong><\/p>\n<p class=\"\" data-start=\"709\" data-end=\"1072\"><strong data-start=\"709\" data-end=\"724\">Fluo Yellow<\/strong> to <strong data-start=\"728\" data-end=\"753\">przyn\u0119ta na szczupaka<\/strong>, kt\u00f3ra wyr\u00f3\u017cnia si\u0119 neonowo-\u017c\u00f3\u0142tym kolorem i fluo czerwonym brzuchem, doskonale widocznym w m\u0119tnej wodzie i podczas pochmurnych dni. Szczeg\u00f3lnie skuteczna w <strong data-start=\"885\" data-end=\"919\">\u0142owieniu szczupak\u00f3w w tr\u0105conej m\u0119tnej wodzie i na Szwedzkich szkierach.<\/strong><\/p>\n","protected":false},"excerpt":{"rendered":"<p>Jaskrawy jerkbait na aktywne szczupaki Fluo Yellow to przyn\u0119ta na szczupaka, kt\u00f3ra wyr\u00f3\u017cnia si\u0119 neonowo-\u017c\u00f3\u0142tym kolorem i fluo czerwonym brzuchem, doskonale widocznym w m\u0119tnej wodzie i podczas pochmurnych dni. Szczeg\u00f3lnie skuteczna w \u0142owieniu szczupak\u00f3w w tr\u0105conej m\u0119tnej wodzie i na Szwedzkich szkierach.<\/p>\n","protected":false},"featured_media":21526,"template":"","meta":[],"product_brand":[],"product_cat":[1310,1837],"product_tag":[1433,1434,1435,1436,1437,1438,1439,1440,1441,1442,1443,1444,1445,1446,1447,1448,1449,1450,1451,1452,1453,1454],"class_list":{"0":"post-21521","1":"product","2":"type-product","3":"status-publish","4":"has-post-thumbnail","6":"product_cat-przynety-na-szczupaka","7":"product_cat-venom","8":"product_tag-bait","9":"product_tag-big-fish","10":"product_tag-big-fish-lure","11":"product_tag-classic","12":"product_tag-fishing-lure","13":"product_tag-glide","14":"product_tag-handmade","15":"product_tag-handmade-bait","16":"product_tag-handmade-jerk","17":"product_tag-handmade-jerkbait","18":"product_tag-jerk","19":"product_tag-jerk-fishing","20":"product_tag-jerk-okon","21":"product_tag-jerkbait","22":"product_tag-lure","23":"product_tag-malowanie-w-paski","24":"product_tag-paski","25":"product_tag-prazki","26":"product_tag-venom","27":"product_tag-wobler","28":"product_tag-zielony","29":"product_tag-zolty","31":"first","32":"instock","33":"shipping-taxable","34":"purchasable","35":"product-type-variable"},"aioseo_notices":[],"jetpack_sharing_enabled":true,"_links":{"self":[{"href":"https:\/\/tkart.eu\/lt\/wp-json\/wp\/v2\/product\/21521","targetHints":{"allow":["GET"]}}],"collection":[{"href":"https:\/\/tkart.eu\/lt\/wp-json\/wp\/v2\/product"}],"about":[{"href":"https:\/\/tkart.eu\/lt\/wp-json\/wp\/v2\/types\/product"}],"wp:featuredmedia":[{"embeddable":true,"href":"https:\/\/tkart.eu\/lt\/wp-json\/wp\/v2\/media\/21526"}],"wp:attachment":[{"href":"https:\/\/tkart.eu\/lt\/wp-json\/wp\/v2\/media?parent=21521"}],"wp:term":[{"taxonomy":"product_brand","embeddable":true,"href":"https:\/\/tkart.eu\/lt\/wp-json\/wp\/v2\/product_brand?post=21521"},{"taxonomy":"product_cat","embeddable":true,"href":"https:\/\/tkart.eu\/lt\/wp-json\/wp\/v2\/product_cat?post=21521"},{"taxonomy":"product_tag","embeddable":true,"href":"https:\/\/tkart.eu\/lt\/wp-json\/wp\/v2\/product_tag?post=21521"}],"curies":[{"name":"wp","href":"https:\/\/api.w.org\/{rel}","templated":true}]}}