{"id":21481,"date":"2023-05-23T20:09:08","date_gmt":"2023-05-23T20:09:08","guid":{"rendered":"https:\/\/tkart.eu\/produkt\/be-kategorijos\/venom-old-gold\/"},"modified":"2026-04-03T14:02:17","modified_gmt":"2026-04-03T14:02:17","slug":"venom-old-gold","status":"publish","type":"product","link":"https:\/\/tkart.eu\/lt\/produkt\/przynety-na-szczupaka\/venom-old-gold\/","title":{"rendered":"Venom &#8211; Old Gold"},"content":{"rendered":"<p class=\"\" data-start=\"170\" data-end=\"250\"><strong data-start=\"170\" data-end=\"250\">Klasyczna przyn\u0119ta jerkbait na szczupaka \u2013 r\u0119cznie malowana w stylu Old Gold<\/strong><\/p>\n<p class=\"\" data-start=\"252\" data-end=\"512\">Model <strong data-start=\"258\" data-end=\"278\">Venom \u2013 Old Gold<\/strong> to r\u0119cznie wykonana przyn\u0119ta jerkbait. Zachwyca stonowan\u0105, z\u0142otobr\u0105zow\u0105 kolorystyk\u0105 z realistycznym wzorem \u0142usek i ciemnym obrysem. Doskonale wtapia si\u0119 w \u015brodowisko wodne \u2013 a jednocze\u015bnie dzia\u0142a jak wyzwalacz instynktu drapie\u017cnik\u00f3w.<\/p>\n<p class=\"\" data-start=\"514\" data-end=\"645\">To przyn\u0119ta dla w\u0119dkarzy, kt\u00f3rzy ceni\u0105 naturalne barwy i subtelne detale. Old Gold to nie pokaz \u2013 to skuteczno\u015b\u0107 w czystej postaci.<\/p>\n<p class=\"\" data-start=\"647\" data-end=\"943\"><strong data-start=\"647\" data-end=\"671\">Najwa\u017cniejsze cechy:<\/strong><br data-start=\"671\" data-end=\"674\" \/>\u2013 R\u0119cznie malowana \u2013 ka\u017cda przyn\u0119ta to unikat<br data-start=\"719\" data-end=\"722\" \/>\u2013 Realistyczna skala, z\u0142otobr\u0105zowe tonacje i ciemne kontury<br data-start=\"781\" data-end=\"784\" \/>\u2013 Korpus odporny na uszkodzenia \u2013 przyn\u0119ta na du\u017ce drapie\u017cniki<br data-start=\"846\" data-end=\"849\" \/>\u2013 Glidebait \u2013 szerokie, naturalne ruchy w wodzie<br data-start=\"897\" data-end=\"900\" \/>\u2013 Wyposa\u017cona w ostre kotwice i trwa\u0142e k\u00f3\u0142ka<\/p>\n<p class=\"\" data-start=\"945\" data-end=\"1087\"><strong data-start=\"945\" data-end=\"958\">Dla kogo?<\/strong><br data-start=\"958\" data-end=\"961\" \/>Dla tych, kt\u00f3rzy \u0142owi\u0105 z wyczuciem \u2013 spokojnie, \u015bwiadomie i skutecznie. Przyn\u0119ta polecana na przejrzyste wody i ostro\u017cne ryby.<\/p>\n<p class=\"\" data-start=\"1089\" data-end=\"1254\"><strong data-start=\"1089\" data-end=\"1110\">Wysy\u0142ka i jako\u015b\u0107:<\/strong><br data-start=\"1110\" data-end=\"1113\" \/>Ka\u017cda przyn\u0119ta tworzona jest r\u0119cznie w Polsce, pod mark\u0105 <strong data-start=\"1170\" data-end=\"1188\">Jurassic Lures<\/strong>. To nie jest produkt masowy \u2013 to narz\u0119dzie dla prawdziwego \u0142owcy.<\/p>\n","protected":false},"excerpt":{"rendered":"<p>Klasyczna przyn\u0119ta jerkbait na szczupaka \u2013 r\u0119cznie malowana w stylu Old Gold Model Venom \u2013 Old Gold to r\u0119cznie wykonana przyn\u0119ta jerkbait. Zachwyca stonowan\u0105, z\u0142otobr\u0105zow\u0105 kolorystyk\u0105 z realistycznym wzorem \u0142usek i ciemnym obrysem. Doskonale wtapia si\u0119 w \u015brodowisko wodne \u2013 a jednocze\u015bnie dzia\u0142a jak wyzwalacz instynktu drapie\u017cnik\u00f3w. To przyn\u0119ta dla w\u0119dkarzy, kt\u00f3rzy ceni\u0105 naturalne barwy [&hellip;]<\/p>\n","protected":false},"featured_media":21485,"template":"","meta":[],"product_brand":[],"product_cat":[1310,1837],"product_tag":[1838,1839,1840,1841,1693,1842,1447,1843,1844,1845,1846,1847,1848,1849,1850,1851,1852,1451,1853],"class_list":{"0":"post-21481","1":"product","2":"type-product","3":"status-publish","4":"has-post-thumbnail","6":"product_cat-przynety-na-szczupaka","7":"product_cat-venom","8":"product_tag-aggressive-attacks","9":"product_tag-black-perch-stripes","10":"product_tag-duzy-szczupak","11":"product_tag-fishs-body","12":"product_tag-fishing","13":"product_tag-fishing-success","14":"product_tag-lure","15":"product_tag-natural-movements","16":"product_tag-natural-pattern","17":"product_tag-pike","18":"product_tag-predatory-fish","19":"product_tag-przejrzysta-woda","20":"product_tag-red-dragon","21":"product_tag-retrieval","22":"product_tag-sharp-color","23":"product_tag-starorzecze","24":"product_tag-szweckie-szczupaki","25":"product_tag-venom","26":"product_tag-visual-distinction","28":"first","29":"instock","30":"shipping-taxable","31":"purchasable","32":"product-type-variable"},"aioseo_notices":[],"jetpack_sharing_enabled":true,"_links":{"self":[{"href":"https:\/\/tkart.eu\/lt\/wp-json\/wp\/v2\/product\/21481","targetHints":{"allow":["GET"]}}],"collection":[{"href":"https:\/\/tkart.eu\/lt\/wp-json\/wp\/v2\/product"}],"about":[{"href":"https:\/\/tkart.eu\/lt\/wp-json\/wp\/v2\/types\/product"}],"wp:featuredmedia":[{"embeddable":true,"href":"https:\/\/tkart.eu\/lt\/wp-json\/wp\/v2\/media\/21485"}],"wp:attachment":[{"href":"https:\/\/tkart.eu\/lt\/wp-json\/wp\/v2\/media?parent=21481"}],"wp:term":[{"taxonomy":"product_brand","embeddable":true,"href":"https:\/\/tkart.eu\/lt\/wp-json\/wp\/v2\/product_brand?post=21481"},{"taxonomy":"product_cat","embeddable":true,"href":"https:\/\/tkart.eu\/lt\/wp-json\/wp\/v2\/product_cat?post=21481"},{"taxonomy":"product_tag","embeddable":true,"href":"https:\/\/tkart.eu\/lt\/wp-json\/wp\/v2\/product_tag?post=21481"}],"curies":[{"name":"wp","href":"https:\/\/api.w.org\/{rel}","templated":true}]}}