{"id":20604,"date":"2025-06-02T18:23:37","date_gmt":"2025-06-02T18:23:37","guid":{"rendered":"https:\/\/tkart.eu\/produkt\/be-kategorijos\/ukleja-12-cm-fire-tiger\/"},"modified":"2026-04-03T09:59:59","modified_gmt":"2026-04-03T09:59:59","slug":"ukleja-12-cm-fire-tiger","status":"publish","type":"product","link":"https:\/\/tkart.eu\/lt\/produkt\/przynety-na-szczupaka\/przynety-gumowe\/ukleja-12-cm-fire-tiger\/","title":{"rendered":"Ukleja 12 cm Fire Tiger"},"content":{"rendered":"<h1>Ukleja 12cm \u2013 przyn\u0119ta Fire Tiger UV na szczupaka i sandacza<\/h1>\n<p>&nbsp;<\/p>\n<p data-start=\"245\" data-end=\"543\"><strong data-start=\"245\" data-end=\"276\">kleja 12cm \u2013 Fire Tiger UV<\/strong> to wyrazista, mi\u0119kka przyn\u0119ta silikonowa stworzona z my\u015bl\u0105 o \u0142owieniu <strong data-start=\"347\" data-end=\"361\">szczupak\u00f3w<\/strong> i <strong data-start=\"364\" data-end=\"376\">sandaczy<\/strong> w trudnych warunkach. Intensywny, fluorescencyjny kolor w stylu <strong data-start=\"441\" data-end=\"455\">Fire Tiger<\/strong> dzia\u0142a jak magnes na drapie\u017cniki \u2013 szczeg\u00f3lnie w m\u0119tnej wodzie lub przy s\u0142abym \u015bwietle.<\/p>\n<p data-start=\"545\" data-end=\"732\">Wykonana z trwa\u0142ego silikonu, \u015bwietnie pracuje zar\u00f3wno w opadzie, jak i przy agresywnym prowadzeniu. Jaskrawa ziele\u0144 po\u0142\u0105czona z neonowym pomara\u0144czem to sprawdzony przepis na skuteczno\u015b\u0107.<\/p>\n<p data-start=\"734\" data-end=\"759\"><strong data-start=\"734\" data-end=\"759\">Parametry techniczne:<\/strong><\/p>\n<p><strong data-start=\"843\" data-end=\"859\">Kolorystyka:<\/strong> Fire Tiger UV \u2013 kolory widoczne w \u015bwietle UV<\/p>\n<p data-start=\"906\" data-end=\"917\"><strong data-start=\"906\" data-end=\"917\">Zalety:<\/strong><\/p>\n<p data-start=\"920\" data-end=\"960\">Silne pobudzenie wzrokowe drapie\u017cnik\u00f3w<\/p>\n<p data-start=\"963\" data-end=\"1007\">Mi\u0119sista budowa z realistyczn\u0105 prac\u0105 ogona<\/p>\n<p data-start=\"1010\" data-end=\"1056\">Wysoka skuteczno\u015b\u0107 w wodach m\u0119tnych i ciemnych<\/p>\n<p data-start=\"1058\" data-end=\"1133\">Idealna do spinningu i verticala \u2013 dzia\u0142a natychmiast po wrzuceniu do wody.<\/p>\n","protected":false},"excerpt":{"rendered":"<p>Ukleja 12cm \u2013 przyn\u0119ta Fire Tiger UV na szczupaka i sandacza &nbsp; kleja 12cm \u2013 Fire Tiger UV to wyrazista, mi\u0119kka przyn\u0119ta silikonowa stworzona z my\u015bl\u0105 o \u0142owieniu szczupak\u00f3w i sandaczy w trudnych warunkach. Intensywny, fluorescencyjny kolor w stylu Fire Tiger dzia\u0142a jak magnes na drapie\u017cniki \u2013 szczeg\u00f3lnie w m\u0119tnej wodzie lub przy s\u0142abym \u015bwietle. [&hellip;]<\/p>\n","protected":false},"featured_media":20605,"template":"","meta":[],"product_brand":[],"product_cat":[1309,1310,1490],"product_tag":[],"class_list":{"0":"post-20604","1":"product","2":"type-product","3":"status-publish","4":"has-post-thumbnail","6":"product_cat-przynety-gumowe","7":"product_cat-przynety-na-szczupaka","8":"product_cat-ukleja","10":"first","11":"instock","12":"shipping-taxable","13":"purchasable","14":"product-type-simple"},"aioseo_notices":[],"jetpack_sharing_enabled":true,"_links":{"self":[{"href":"https:\/\/tkart.eu\/lt\/wp-json\/wp\/v2\/product\/20604","targetHints":{"allow":["GET"]}}],"collection":[{"href":"https:\/\/tkart.eu\/lt\/wp-json\/wp\/v2\/product"}],"about":[{"href":"https:\/\/tkart.eu\/lt\/wp-json\/wp\/v2\/types\/product"}],"wp:featuredmedia":[{"embeddable":true,"href":"https:\/\/tkart.eu\/lt\/wp-json\/wp\/v2\/media\/20605"}],"wp:attachment":[{"href":"https:\/\/tkart.eu\/lt\/wp-json\/wp\/v2\/media?parent=20604"}],"wp:term":[{"taxonomy":"product_brand","embeddable":true,"href":"https:\/\/tkart.eu\/lt\/wp-json\/wp\/v2\/product_brand?post=20604"},{"taxonomy":"product_cat","embeddable":true,"href":"https:\/\/tkart.eu\/lt\/wp-json\/wp\/v2\/product_cat?post=20604"},{"taxonomy":"product_tag","embeddable":true,"href":"https:\/\/tkart.eu\/lt\/wp-json\/wp\/v2\/product_tag?post=20604"}],"curies":[{"name":"wp","href":"https:\/\/api.w.org\/{rel}","templated":true}]}}