{"id":20545,"date":"2025-06-02T20:19:05","date_gmt":"2025-06-02T20:19:05","guid":{"rendered":"https:\/\/tkart.eu\/produkt\/be-kategorijos\/ukleja-12-cm-green-yellow\/"},"modified":"2026-04-03T06:48:22","modified_gmt":"2026-04-03T06:48:22","slug":"ukleja-12-cm-green-yellow","status":"publish","type":"product","link":"https:\/\/tkart.eu\/lt\/produkt\/przynety-na-szczupaka\/przynety-gumowe\/ukleja-12-cm-green-yellow\/","title":{"rendered":"Ukleja 12 cm Green Yellow"},"content":{"rendered":"","protected":false},"excerpt":{"rendered":"<p data-start=\"247\" data-end=\"568\"><strong data-start=\"247\" data-end=\"280\">Ukleja 12cm \u2013 Green Yellow UV<\/strong> to przyn\u0119ta silikonowa o intensywnym, kontrastowym wyko\u0144czeniu, \u0142\u0105cz\u0105cym naturaln\u0105 ziele\u0144 z jaskrawym ogonem w kolorze UV yellow. Ta kolorystyka zosta\u0142a zaprojektowana specjalnie do \u0142owienia w warunkach ograniczonej widoczno\u015bci \u2013 w m\u0119tnej wodzie, przy pochmurnej pogodzie i o zmierzchu.<\/p>\n<p data-start=\"570\" data-end=\"760\">Zbalansowana konstrukcja, realistyczny profil i szeroka praca ogona sprawiaj\u0105, \u017ce przyn\u0119ta idealnie imituje ruchy drobnej ryby, co skutecznie prowokuje <strong data-start=\"722\" data-end=\"735\">szczupaki<\/strong> i <strong data-start=\"738\" data-end=\"750\">sandacze<\/strong> do ataku.<\/p>\n","protected":false},"featured_media":20527,"template":"","meta":[],"product_brand":[],"product_cat":[1309,1310,1490],"product_tag":[],"class_list":{"0":"post-20545","1":"product","2":"type-product","3":"status-publish","4":"has-post-thumbnail","6":"product_cat-przynety-gumowe","7":"product_cat-przynety-na-szczupaka","8":"product_cat-ukleja","10":"first","11":"outofstock","12":"shipping-taxable","13":"purchasable","14":"product-type-simple"},"aioseo_notices":[],"jetpack_sharing_enabled":true,"_links":{"self":[{"href":"https:\/\/tkart.eu\/lt\/wp-json\/wp\/v2\/product\/20545","targetHints":{"allow":["GET"]}}],"collection":[{"href":"https:\/\/tkart.eu\/lt\/wp-json\/wp\/v2\/product"}],"about":[{"href":"https:\/\/tkart.eu\/lt\/wp-json\/wp\/v2\/types\/product"}],"wp:featuredmedia":[{"embeddable":true,"href":"https:\/\/tkart.eu\/lt\/wp-json\/wp\/v2\/media\/20527"}],"wp:attachment":[{"href":"https:\/\/tkart.eu\/lt\/wp-json\/wp\/v2\/media?parent=20545"}],"wp:term":[{"taxonomy":"product_brand","embeddable":true,"href":"https:\/\/tkart.eu\/lt\/wp-json\/wp\/v2\/product_brand?post=20545"},{"taxonomy":"product_cat","embeddable":true,"href":"https:\/\/tkart.eu\/lt\/wp-json\/wp\/v2\/product_cat?post=20545"},{"taxonomy":"product_tag","embeddable":true,"href":"https:\/\/tkart.eu\/lt\/wp-json\/wp\/v2\/product_tag?post=20545"}],"curies":[{"name":"wp","href":"https:\/\/api.w.org\/{rel}","templated":true}]}}