{"id":20503,"date":"2025-06-02T20:27:34","date_gmt":"2025-06-02T20:27:34","guid":{"rendered":"https:\/\/tkart.eu\/produkt\/be-kategorijos\/ukleja-12-cm-orange\/"},"modified":"2026-04-03T06:47:27","modified_gmt":"2026-04-03T06:47:27","slug":"ukleja-12-cm-orange","status":"publish","type":"product","link":"https:\/\/tkart.eu\/lt\/produkt\/przynety-na-szczupaka\/przynety-gumowe\/ukleja-12-cm-orange\/","title":{"rendered":"Ukleja 12 cm Orange"},"content":{"rendered":"","protected":false},"excerpt":{"rendered":"<p data-start=\"239\" data-end=\"562\"><strong data-start=\"239\" data-end=\"268\">Ukleja 12cm \u2013 Fluo Orange<\/strong> to niezwykle wyrazista przyn\u0119ta silikonowa stworzona z my\u015bl\u0105 o aktywnym \u0142owieniu <strong data-start=\"350\" data-end=\"364\">szczupak\u00f3w<\/strong> i <strong data-start=\"367\" data-end=\"379\">sandaczy<\/strong>. Jej ognista pomara\u0144czowa barwa w po\u0142\u0105czeniu z czarnym grzbietem dzia\u0142a jak stymulant ataku, zw\u0142aszcza w m\u0119tnej wodzie, przy pochmurnej pogodzie oraz w g\u0142\u0119bokich partiach zbiornik\u00f3w.<\/p>\n<p data-start=\"564\" data-end=\"731\">Mocno zaznaczona \u0142uska, realistyczne oko i dynamiczna praca ogona przyci\u0105gaj\u0105 drapie\u017cniki z du\u017cej odleg\u0142o\u015bci \u2013 to idealny wyb\u00f3r na trudne warunki i agresywny spinning.<\/p>\n","protected":false},"featured_media":20497,"template":"","meta":[],"product_brand":[],"product_cat":[1309,1310,1490],"product_tag":[],"class_list":{"0":"post-20503","1":"product","2":"type-product","3":"status-publish","4":"has-post-thumbnail","6":"product_cat-przynety-gumowe","7":"product_cat-przynety-na-szczupaka","8":"product_cat-ukleja","10":"first","11":"outofstock","12":"shipping-taxable","13":"purchasable","14":"product-type-simple"},"aioseo_notices":[],"jetpack_sharing_enabled":true,"_links":{"self":[{"href":"https:\/\/tkart.eu\/lt\/wp-json\/wp\/v2\/product\/20503","targetHints":{"allow":["GET"]}}],"collection":[{"href":"https:\/\/tkart.eu\/lt\/wp-json\/wp\/v2\/product"}],"about":[{"href":"https:\/\/tkart.eu\/lt\/wp-json\/wp\/v2\/types\/product"}],"wp:featuredmedia":[{"embeddable":true,"href":"https:\/\/tkart.eu\/lt\/wp-json\/wp\/v2\/media\/20497"}],"wp:attachment":[{"href":"https:\/\/tkart.eu\/lt\/wp-json\/wp\/v2\/media?parent=20503"}],"wp:term":[{"taxonomy":"product_brand","embeddable":true,"href":"https:\/\/tkart.eu\/lt\/wp-json\/wp\/v2\/product_brand?post=20503"},{"taxonomy":"product_cat","embeddable":true,"href":"https:\/\/tkart.eu\/lt\/wp-json\/wp\/v2\/product_cat?post=20503"},{"taxonomy":"product_tag","embeddable":true,"href":"https:\/\/tkart.eu\/lt\/wp-json\/wp\/v2\/product_tag?post=20503"}],"curies":[{"name":"wp","href":"https:\/\/api.w.org\/{rel}","templated":true}]}}