{"id":21920,"date":"2019-04-04T05:56:26","date_gmt":"2019-04-04T05:56:26","guid":{"rendered":"https:\/\/tkart.eu\/produkt\/maaratlemata\/drewniane-pudelko-na-przynety-z-plaskorzezba-przedstawiajaca-okonia\/"},"modified":"2026-04-03T14:09:41","modified_gmt":"2026-04-03T14:09:41","slug":"drewniane-pudelko-na-przynety-z-plaskorzezba-przedstawiajaca-okonia","status":"publish","type":"product","link":"https:\/\/tkart.eu\/et\/produkt\/wooden-box\/drewniane-pudelko-na-przynety-z-plaskorzezba-przedstawiajaca-okonia\/","title":{"rendered":"Drewniane pude\u0142ko na przyn\u0119ty z p\u0142askorze\u017ab\u0105 przedstawiaj\u0105c\u0105 okonia"},"content":{"rendered":"<p><a href=\"https:\/\/tkart.eu\/wp-content\/uploads\/m-drewniane-pudelko-24x10-pstrag4.jpg\"><img loading=\"lazy\" decoding=\"async\" class=\"aligncenter size-full wp-image-1321\" src=\"https:\/\/tkart.eu\/wp-content\/uploads\/pudelko-okon1.jpg\" alt=\"\" width=\"1000\" height=\"666\" srcset=\"https:\/\/tkart.eu\/wp-content\/uploads\/pudelko-okon1.jpg 1000w, https:\/\/tkart.eu\/wp-content\/uploads\/pudelko-okon1-900x599.jpg 900w, https:\/\/tkart.eu\/wp-content\/uploads\/pudelko-okon1-600x400.jpg 600w, https:\/\/tkart.eu\/wp-content\/uploads\/pudelko-okon1-300x200.jpg 300w, https:\/\/tkart.eu\/wp-content\/uploads\/pudelko-okon1-150x100.jpg 150w\" sizes=\"auto, (max-width: 1000px) 100vw, 1000px\" \/> <img loading=\"lazy\" decoding=\"async\" class=\"aligncenter size-full wp-image-1322\" src=\"https:\/\/tkart.eu\/wp-content\/uploads\/pudelko-okon2-1.jpg\" alt=\"\" width=\"1000\" height=\"666\" srcset=\"https:\/\/tkart.eu\/wp-content\/uploads\/pudelko-okon2-1.jpg 1000w, https:\/\/tkart.eu\/wp-content\/uploads\/pudelko-okon2-1-900x599.jpg 900w, https:\/\/tkart.eu\/wp-content\/uploads\/pudelko-okon2-1-600x400.jpg 600w, https:\/\/tkart.eu\/wp-content\/uploads\/pudelko-okon2-1-300x200.jpg 300w, https:\/\/tkart.eu\/wp-content\/uploads\/pudelko-okon2-1-150x100.jpg 150w\" sizes=\"auto, (max-width: 1000px) 100vw, 1000px\" \/><img loading=\"lazy\" decoding=\"async\" class=\"aligncenter size-full wp-image-1228\" src=\"https:\/\/tkart.eu\/wp-content\/uploads\/m-drewniane-pudelko-24x10-pstrag4.jpg\" alt=\"\" width=\"900\" height=\"599\" srcset=\"https:\/\/tkart.eu\/wp-content\/uploads\/m-drewniane-pudelko-24x10-pstrag4.jpg 900w, https:\/\/tkart.eu\/wp-content\/uploads\/m-drewniane-pudelko-24x10-pstrag4-600x399.jpg 600w, https:\/\/tkart.eu\/wp-content\/uploads\/m-drewniane-pudelko-24x10-pstrag4-300x200.jpg 300w, https:\/\/tkart.eu\/wp-content\/uploads\/m-drewniane-pudelko-24x10-pstrag4-150x100.jpg 150w\" sizes=\"auto, (max-width: 900px) 100vw, 900px\" \/><\/a><a href=\"https:\/\/tkart.eu\/wp-content\/uploads\/m-drewniane-pudelko-24x10-pstrag3.jpg\"><img loading=\"lazy\" decoding=\"async\" class=\"aligncenter size-full wp-image-1227\" src=\"https:\/\/tkart.eu\/wp-content\/uploads\/m-drewniane-pudelko-24x10-pstrag3.jpg\" alt=\"\" width=\"900\" height=\"600\" srcset=\"https:\/\/tkart.eu\/wp-content\/uploads\/m-drewniane-pudelko-24x10-pstrag3.jpg 900w, https:\/\/tkart.eu\/wp-content\/uploads\/m-drewniane-pudelko-24x10-pstrag3-600x400.jpg 600w, https:\/\/tkart.eu\/wp-content\/uploads\/m-drewniane-pudelko-24x10-pstrag3-300x200.jpg 300w, https:\/\/tkart.eu\/wp-content\/uploads\/m-drewniane-pudelko-24x10-pstrag3-150x100.jpg 150w\" sizes=\"auto, (max-width: 900px) 100vw, 900px\" \/><\/a><a href=\"https:\/\/tkart.eu\/wp-content\/uploads\/m-drewniane-pudelko-24x10-pstrag2.jpg\"><img loading=\"lazy\" decoding=\"async\" class=\"aligncenter wp-image-1215\" src=\"https:\/\/tkart.eu\/wp-content\/uploads\/m-drewniane-pudelko-24x10-pstrag2.jpg\" alt=\"\" width=\"700\" height=\"466\" srcset=\"https:\/\/tkart.eu\/wp-content\/uploads\/m-drewniane-pudelko-24x10-pstrag2.jpg 900w, https:\/\/tkart.eu\/wp-content\/uploads\/m-drewniane-pudelko-24x10-pstrag2-600x399.jpg 600w, https:\/\/tkart.eu\/wp-content\/uploads\/m-drewniane-pudelko-24x10-pstrag2-300x200.jpg 300w, https:\/\/tkart.eu\/wp-content\/uploads\/m-drewniane-pudelko-24x10-pstrag2-150x100.jpg 150w\" sizes=\"auto, (max-width: 700px) 100vw, 700px\" \/><\/a><\/p>\n","protected":false},"excerpt":{"rendered":"<p><strong>Wykonane z litego drewna pude\u0142ko na przyn\u0119ty w\u0119dkarskie.<\/strong><\/p>\n<p>Wieko pude\u0142ka pokrywa p\u0142askorze\u017aba w postaci ozdobnego ornamentu. Wewn\u0105trz wieka znajduje si\u0119 p\u0142askorze\u017aba przedstawiaj\u0105ca okonia.<\/p>\n<p>Oko\u0144 jest <strong>r\u0119cznie malowany<\/strong>, dlatego ka\u017cdy produkt lekko r\u00f3\u017cni si\u0119 od pozosta\u0142ych i jest unikatowy.<\/p>\n<p>Drewno: Olcha<br \/>\nWymiar pude\u0142ka: 240 x 100mm<\/p>\n<p>&nbsp;<\/p>\n<p>A box made of solid wood for fishing lures. The lid of the box covers the bas-relief in the form of a decorative ornament. Inside the lid is a bas-relief trout. The trout is hand-painted, which is why each product is slightly different from the others and is unique.<\/p>\n<p>Wood: Alder<br \/>\nDimension of the box: 240 x 100mm<\/p>\n","protected":false},"featured_media":21921,"template":"","meta":[],"product_brand":[],"product_cat":[2011],"product_tag":[],"class_list":{"0":"post-21920","1":"product","2":"type-product","3":"status-publish","4":"has-post-thumbnail","6":"product_cat-wooden-box","8":"first","9":"onbackorder","10":"shipping-taxable","11":"purchasable","12":"product-type-simple"},"aioseo_notices":[],"jetpack_sharing_enabled":true,"_links":{"self":[{"href":"https:\/\/tkart.eu\/et\/wp-json\/wp\/v2\/product\/21920","targetHints":{"allow":["GET"]}}],"collection":[{"href":"https:\/\/tkart.eu\/et\/wp-json\/wp\/v2\/product"}],"about":[{"href":"https:\/\/tkart.eu\/et\/wp-json\/wp\/v2\/types\/product"}],"wp:featuredmedia":[{"embeddable":true,"href":"https:\/\/tkart.eu\/et\/wp-json\/wp\/v2\/media\/21921"}],"wp:attachment":[{"href":"https:\/\/tkart.eu\/et\/wp-json\/wp\/v2\/media?parent=21920"}],"wp:term":[{"taxonomy":"product_brand","embeddable":true,"href":"https:\/\/tkart.eu\/et\/wp-json\/wp\/v2\/product_brand?post=21920"},{"taxonomy":"product_cat","embeddable":true,"href":"https:\/\/tkart.eu\/et\/wp-json\/wp\/v2\/product_cat?post=21920"},{"taxonomy":"product_tag","embeddable":true,"href":"https:\/\/tkart.eu\/et\/wp-json\/wp\/v2\/product_tag?post=21920"}],"curies":[{"name":"wp","href":"https:\/\/api.w.org\/{rel}","templated":true}]}}