{"id":21663,"date":"2021-07-04T17:33:55","date_gmt":"2021-07-04T17:33:55","guid":{"rendered":"https:\/\/tkart.eu\/produkt\/maaratlemata\/venom-buster\/"},"modified":"2026-04-03T14:05:06","modified_gmt":"2026-04-03T14:05:06","slug":"venom-buster","status":"publish","type":"product","link":"https:\/\/tkart.eu\/et\/produkt\/przynety-na-szczupaka\/venom-buster\/","title":{"rendered":"Venom &#8211; Buster"},"content":{"rendered":"<p data-start=\"0\" data-end=\"719\"><strong data-start=\"0\" data-end=\"18\">Venom \u2013 Buster<\/strong> to przyn\u0119ta w\u0119dkarska \u0142\u0105cz\u0105ca trzy kolory: czarny, z\u0142oty oraz UV pomara\u0144czowy. Czer\u0144 nadaje jej elegancki i agresywny wygl\u0105d, kt\u00f3ry skutecznie przyci\u0105ga drapie\u017cniki. Z\u0142ote elementy dodaj\u0105 blasku i refleks\u00f3w \u015bwietlnych, zwi\u0119kszaj\u0105c atrakcyjno\u015b\u0107 przyn\u0119ty. Kolor UV pomara\u0144czowy stanowi dodatkowy atut \u2013 dzia\u0142a na zmys\u0142 wzroku ryb, poniewa\u017c \u015bwiat\u0142o UV przenika w wodzie g\u0142\u0119biej ni\u017c \u015bwiat\u0142o widzialne. Woda dzia\u0142a jak soczewka, za\u0142amuj\u0105c promienie i wprowadzaj\u0105c zmiany w postrzeganiu koloru oraz kszta\u0142tu przyn\u0119ty. Dzi\u0119ki temu Venom \u2013 Buster staje si\u0119 jeszcze bardziej kusz\u0105cy dla ryb. W po\u0142\u0105czeniu z prac\u0105, jak\u0105 generuje podczas prowadzenia, tworzy bardzo skuteczn\u0105 i popularn\u0105 przyn\u0119t\u0119 w\u015br\u00f3d w\u0119dkarzy.<\/p>\n<p data-start=\"721\" data-end=\"1029\">Du\u017cy szczupak to ryba wymagaj\u0105ca specjalnego podej\u015bcia. Venom \u2013 Buster doskonale radzi sobie z tym wyzwaniem dzi\u0119ki swojej konstrukcji i w\u0142a\u015bciwo\u015bciom. Przyn\u0119ta zosta\u0142a zaprojektowana tak, aby realistycznie imitowa\u0107 naturaln\u0105 ofiar\u0119, a jednocze\u015bnie cechuje si\u0119 wysok\u0105 trwa\u0142o\u015bci\u0105 i odporno\u015bci\u0105 na uszkodzenia.<\/p>\n<p data-start=\"1031\" data-end=\"1406\" data-is-last-node=\"\" data-is-only-node=\"\">Dzi\u0119ki tym cechom Venom \u2013 Buster daje bardzo du\u017ce szanse na z\u0142owienie okaza\u0142ego szczupaka. To ryby wyj\u0105tkowo ostro\u017cne i wymagaj\u0105ce, dlatego tak wa\u017cne jest stosowanie przyn\u0119t wysokiej jako\u015bci i o potwierdzonej skuteczno\u015bci. Venom \u2013 Buster spe\u0142nia te wymagania i z pewno\u015bci\u0105 przypadnie do gustu ka\u017cdemu w\u0119dkarzowi poszukuj\u0105cemu najlepszych narz\u0119dzi do po\u0142owu du\u017cych szczupak\u00f3w.<\/p>\n","protected":false},"excerpt":{"rendered":"<p>Venom \u2013 Buster to przyn\u0119ta w\u0119dkarska \u0142\u0105cz\u0105ca trzy kolory: czarny, z\u0142oty oraz UV pomara\u0144czowy. Czer\u0144 nadaje jej elegancki i agresywny wygl\u0105d, kt\u00f3ry skutecznie przyci\u0105ga drapie\u017cniki. Z\u0142ote elementy dodaj\u0105 blasku i refleks\u00f3w \u015bwietlnych, zwi\u0119kszaj\u0105c atrakcyjno\u015b\u0107 przyn\u0119ty. Kolor UV pomara\u0144czowy stanowi dodatkowy atut \u2013 dzia\u0142a na zmys\u0142 wzroku ryb, poniewa\u017c \u015bwiat\u0142o UV przenika w wodzie g\u0142\u0119biej ni\u017c [&hellip;]<\/p>\n","protected":false},"featured_media":21668,"template":"","meta":[],"product_brand":[],"product_cat":[1292,1799],"product_tag":[1382,1383,1384,1385,1386,1387,1388,1389,1390,1391,1392,1393,1394,1395,1396,1397,1398,1399,1400,1401,1402,1403],"class_list":{"0":"post-21663","1":"product","2":"type-product","3":"status-publish","4":"has-post-thumbnail","6":"product_cat-przynety-na-szczupaka","7":"product_cat-venom","8":"product_tag-bait","9":"product_tag-big-fish","10":"product_tag-big-fish-lure","11":"product_tag-classic","12":"product_tag-fishing-lure","13":"product_tag-glide","14":"product_tag-handmade","15":"product_tag-handmade-bait","16":"product_tag-handmade-jerk","17":"product_tag-handmade-jerkbait","18":"product_tag-jerk","19":"product_tag-jerk-fishing","20":"product_tag-jerk-okon","21":"product_tag-jerkbait","22":"product_tag-lure","23":"product_tag-malowanie-w-paski","24":"product_tag-paski","25":"product_tag-prazki","26":"product_tag-venom","27":"product_tag-wobler","28":"product_tag-zielony","29":"product_tag-zolty","31":"first","32":"instock","33":"shipping-taxable","34":"purchasable","35":"product-type-variable"},"aioseo_notices":[],"jetpack_sharing_enabled":true,"_links":{"self":[{"href":"https:\/\/tkart.eu\/et\/wp-json\/wp\/v2\/product\/21663","targetHints":{"allow":["GET"]}}],"collection":[{"href":"https:\/\/tkart.eu\/et\/wp-json\/wp\/v2\/product"}],"about":[{"href":"https:\/\/tkart.eu\/et\/wp-json\/wp\/v2\/types\/product"}],"wp:featuredmedia":[{"embeddable":true,"href":"https:\/\/tkart.eu\/et\/wp-json\/wp\/v2\/media\/21668"}],"wp:attachment":[{"href":"https:\/\/tkart.eu\/et\/wp-json\/wp\/v2\/media?parent=21663"}],"wp:term":[{"taxonomy":"product_brand","embeddable":true,"href":"https:\/\/tkart.eu\/et\/wp-json\/wp\/v2\/product_brand?post=21663"},{"taxonomy":"product_cat","embeddable":true,"href":"https:\/\/tkart.eu\/et\/wp-json\/wp\/v2\/product_cat?post=21663"},{"taxonomy":"product_tag","embeddable":true,"href":"https:\/\/tkart.eu\/et\/wp-json\/wp\/v2\/product_tag?post=21663"}],"curies":[{"name":"wp","href":"https:\/\/api.w.org\/{rel}","templated":true}]}}