{"id":20550,"date":"2025-06-02T20:17:41","date_gmt":"2025-06-02T20:17:41","guid":{"rendered":"https:\/\/tkart.eu\/produkt\/maaratlemata\/ukleja-12-cm-dirty-yellow\/"},"modified":"2026-04-03T09:58:18","modified_gmt":"2026-04-03T09:58:18","slug":"ukleja-12-cm-dirty-yellow","status":"publish","type":"product","link":"https:\/\/tkart.eu\/et\/produkt\/przynety-na-szczupaka\/przynety-gumowe\/ukleja-12-cm-dirty-yellow\/","title":{"rendered":"Ukleja 12 cm Dirty Yellow"},"content":{"rendered":"","protected":false},"excerpt":{"rendered":"<p data-start=\"256\" data-end=\"583\"><strong data-start=\"256\" data-end=\"286\">Ukleja 12cm \u2013 Dirty Yellow<\/strong> to realistyczna, mi\u0119kka przyn\u0119ta silikonowa, kt\u00f3ra \u0142\u0105czy naturalny wygl\u0105d z subtelnym po\u0142yskiem i stonowan\u0105, oliwkowo-\u017c\u00f3\u0142t\u0105 barw\u0105. To idealna przyn\u0119ta na <strong data-start=\"441\" data-end=\"454\">szczupaki<\/strong> i <strong data-start=\"457\" data-end=\"469\">sandacze<\/strong>, zw\u0142aszcza w prze\u0142owionych wodach i przy du\u017cej presji w\u0119dkarskiej, gdzie zbyt krzykliwe kolory trac\u0105 skuteczno\u015b\u0107.<\/p>\n<p data-start=\"585\" data-end=\"716\">Delikatnie cieniowany korpus z realistycznymi detalami i p\u0142ynn\u0105 prac\u0105 ogona \u015bwietnie sprawdza si\u0119 w spinningu, opadzie i jigowaniu.<\/p>\n<p data-start=\"869\" data-end=\"880\"><strong data-start=\"869\" data-end=\"880\">Zalety:<\/strong><\/p>\n<ul data-start=\"881\" data-end=\"1068\">\n<li data-start=\"881\" data-end=\"950\">\n<p data-start=\"883\" data-end=\"950\">Naturalna, subtelna kolorystyka \u2013 idealna na ostro\u017cne drapie\u017cniki<\/p>\n<\/li>\n<li data-start=\"951\" data-end=\"1008\">\n<p data-start=\"953\" data-end=\"1008\">Doskona\u0142a praca ogona i odwzorowanie ruchu ma\u0142ych ryb<\/p>\n<\/li>\n<li data-start=\"1009\" data-end=\"1068\">\n<p data-start=\"1011\" data-end=\"1068\">Uniwersalne zastosowanie w spinningu, opadzie i jigowaniu<\/p>\n<\/li>\n<\/ul>\n<p data-start=\"1070\" data-end=\"1159\">To przyn\u0119ta, kt\u00f3ra dzia\u0142a, gdy inne zawodz\u0105 \u2013 idealna na trudne warunki i p\u0142ochliwe ryby.<\/p>\n<p data-start=\"256\" data-end=\"583\">\n","protected":false},"featured_media":20551,"template":"","meta":[],"product_brand":[],"product_cat":[1292,1291,1487],"product_tag":[1511,1512,1513,1514,1515,1516,1517,1518,1519,1520],"class_list":{"0":"post-20550","1":"product","2":"type-product","3":"status-publish","4":"has-post-thumbnail","6":"product_cat-przynety-na-szczupaka","7":"product_cat-przynety-gumowe","8":"product_cat-ukleja","9":"product_tag-20g","10":"product_tag-dirty-yellow","11":"product_tag-hak-7-0","12":"product_tag-miekka-przyneta","13":"product_tag-predator-bait","14":"product_tag-przyneta-na-sandacza","15":"product_tag-przyneta-na-szczupaka","16":"product_tag-przyneta-realistyczna","17":"product_tag-przyneta-silikonowa-naturalna","18":"product_tag-ukleja-12cm","20":"first","21":"instock","22":"shipping-taxable","23":"purchasable","24":"product-type-simple"},"aioseo_notices":[],"jetpack_sharing_enabled":true,"_links":{"self":[{"href":"https:\/\/tkart.eu\/et\/wp-json\/wp\/v2\/product\/20550","targetHints":{"allow":["GET"]}}],"collection":[{"href":"https:\/\/tkart.eu\/et\/wp-json\/wp\/v2\/product"}],"about":[{"href":"https:\/\/tkart.eu\/et\/wp-json\/wp\/v2\/types\/product"}],"wp:featuredmedia":[{"embeddable":true,"href":"https:\/\/tkart.eu\/et\/wp-json\/wp\/v2\/media\/20551"}],"wp:attachment":[{"href":"https:\/\/tkart.eu\/et\/wp-json\/wp\/v2\/media?parent=20550"}],"wp:term":[{"taxonomy":"product_brand","embeddable":true,"href":"https:\/\/tkart.eu\/et\/wp-json\/wp\/v2\/product_brand?post=20550"},{"taxonomy":"product_cat","embeddable":true,"href":"https:\/\/tkart.eu\/et\/wp-json\/wp\/v2\/product_cat?post=20550"},{"taxonomy":"product_tag","embeddable":true,"href":"https:\/\/tkart.eu\/et\/wp-json\/wp\/v2\/product_tag?post=20550"}],"curies":[{"name":"wp","href":"https:\/\/api.w.org\/{rel}","templated":true}]}}