{"id":20508,"date":"2025-06-02T20:23:55","date_gmt":"2025-06-02T20:23:55","guid":{"rendered":"https:\/\/tkart.eu\/produkt\/maaratlemata\/ukleja-12-cm-police-red\/"},"modified":"2026-04-03T06:47:34","modified_gmt":"2026-04-03T06:47:34","slug":"ukleja-12-cm-police-red","status":"publish","type":"product","link":"https:\/\/tkart.eu\/et\/produkt\/przynety-na-szczupaka\/przynety-gumowe\/ukleja-12-cm-police-red\/","title":{"rendered":"Ukleja 12 cm Police Red"},"content":{"rendered":"","protected":false},"excerpt":{"rendered":"<p data-start=\"233\" data-end=\"521\"><strong data-start=\"233\" data-end=\"261\">Ukleja 12cm \u2013 Police Red<\/strong> to mi\u0119kka przyn\u0119ta silikonowa o wyrazistej, kontrastowej kolorystyce: srebrzysto-niebieski korpus po\u0142\u0105czony z g\u0142\u0119bok\u0105 czerwieni\u0105 ogona, p\u0142etw i pyska. Ten model przyci\u0105ga uwag\u0119 drapie\u017cnik\u00f3w nie tylko wygl\u0105dem, ale i intensywn\u0105 prac\u0105 ogona podczas prowadzenia.<\/p>\n<p data-start=\"523\" data-end=\"662\">To \u015bwietny wyb\u00f3r do \u0142owienia <strong data-start=\"552\" data-end=\"566\">szczupak\u00f3w<\/strong> i <strong data-start=\"569\" data-end=\"581\">sandaczy<\/strong>, zw\u0142aszcza przy s\u0142abej widoczno\u015bci \u2013 w m\u0119tnej wodzie, o \u015bwicie, w pochmurne dni.<\/p>\n","protected":false},"featured_media":20509,"template":"","meta":[],"product_brand":[],"product_cat":[1292,1291,1487],"product_tag":[],"class_list":{"0":"post-20508","1":"product","2":"type-product","3":"status-publish","4":"has-post-thumbnail","6":"product_cat-przynety-na-szczupaka","7":"product_cat-przynety-gumowe","8":"product_cat-ukleja","10":"first","11":"instock","12":"shipping-taxable","13":"purchasable","14":"product-type-simple"},"aioseo_notices":[],"jetpack_sharing_enabled":true,"_links":{"self":[{"href":"https:\/\/tkart.eu\/et\/wp-json\/wp\/v2\/product\/20508","targetHints":{"allow":["GET"]}}],"collection":[{"href":"https:\/\/tkart.eu\/et\/wp-json\/wp\/v2\/product"}],"about":[{"href":"https:\/\/tkart.eu\/et\/wp-json\/wp\/v2\/types\/product"}],"wp:featuredmedia":[{"embeddable":true,"href":"https:\/\/tkart.eu\/et\/wp-json\/wp\/v2\/media\/20509"}],"wp:attachment":[{"href":"https:\/\/tkart.eu\/et\/wp-json\/wp\/v2\/media?parent=20508"}],"wp:term":[{"taxonomy":"product_brand","embeddable":true,"href":"https:\/\/tkart.eu\/et\/wp-json\/wp\/v2\/product_brand?post=20508"},{"taxonomy":"product_cat","embeddable":true,"href":"https:\/\/tkart.eu\/et\/wp-json\/wp\/v2\/product_cat?post=20508"},{"taxonomy":"product_tag","embeddable":true,"href":"https:\/\/tkart.eu\/et\/wp-json\/wp\/v2\/product_tag?post=20508"}],"curies":[{"name":"wp","href":"https:\/\/api.w.org\/{rel}","templated":true}]}}