{"id":20478,"date":"2025-06-02T20:31:21","date_gmt":"2025-06-02T20:31:21","guid":{"rendered":"https:\/\/tkart.eu\/produkt\/maaratlemata\/ukleja-12-cm-gold-black\/"},"modified":"2026-04-03T06:46:59","modified_gmt":"2026-04-03T06:46:59","slug":"ukleja-12-cm-gold-black","status":"publish","type":"product","link":"https:\/\/tkart.eu\/et\/produkt\/przynety-na-szczupaka\/przynety-gumowe\/ukleja-12-cm-gold-black\/","title":{"rendered":"Ukleja 12 cm Gold Black"},"content":{"rendered":"","protected":false},"excerpt":{"rendered":"<p data-start=\"237\" data-end=\"644\"><strong data-start=\"237\" data-end=\"265\">Ukleja 12cm \u2013 Gold Black<\/strong> to klasyczna przyn\u0119ta silikonowa o naturalnej, z\u0142oto-czarnej kolorystyce z dodatkiem czerwonych akcent\u00f3w. Imituje drobne ryby takie jak p\u0142o\u0107 czy wzdr\u0119ga, kt\u00f3re stanowi\u0105 g\u0142\u00f3wn\u0105 zdobycz <strong data-start=\"450\" data-end=\"464\">szczupak\u00f3w<\/strong> i <strong data-start=\"467\" data-end=\"479\">sandaczy<\/strong>. Dzi\u0119ki po\u0142\u0105czeniu ciemnego grzbietu z po\u0142yskuj\u0105cym bokiem i ogonem w odcieniu czerwieni, przyn\u0119ta dzia\u0142a skutecznie zar\u00f3wno w czystej, jak i lekko zm\u0105conej wodzie.<\/p>\n<p data-start=\"646\" data-end=\"836\">Realistyczna sylwetka, teksturowana powierzchnia i mi\u0119kki, aktywnie pracuj\u0105cy ogon gwarantuj\u0105 prowokuj\u0105ce ruchy przy ka\u017cdym typie prowadzenia \u2013 w opadzie, jigowaniu czy klasycznym spinningu.<\/p>\n","protected":false},"featured_media":20479,"template":"","meta":[],"product_brand":[],"product_cat":[1292,1291,1487],"product_tag":[],"class_list":{"0":"post-20478","1":"product","2":"type-product","3":"status-publish","4":"has-post-thumbnail","6":"product_cat-przynety-na-szczupaka","7":"product_cat-przynety-gumowe","8":"product_cat-ukleja","10":"first","11":"outofstock","12":"shipping-taxable","13":"purchasable","14":"product-type-simple"},"aioseo_notices":[],"jetpack_sharing_enabled":true,"_links":{"self":[{"href":"https:\/\/tkart.eu\/et\/wp-json\/wp\/v2\/product\/20478","targetHints":{"allow":["GET"]}}],"collection":[{"href":"https:\/\/tkart.eu\/et\/wp-json\/wp\/v2\/product"}],"about":[{"href":"https:\/\/tkart.eu\/et\/wp-json\/wp\/v2\/types\/product"}],"wp:featuredmedia":[{"embeddable":true,"href":"https:\/\/tkart.eu\/et\/wp-json\/wp\/v2\/media\/20479"}],"wp:attachment":[{"href":"https:\/\/tkart.eu\/et\/wp-json\/wp\/v2\/media?parent=20478"}],"wp:term":[{"taxonomy":"product_brand","embeddable":true,"href":"https:\/\/tkart.eu\/et\/wp-json\/wp\/v2\/product_brand?post=20478"},{"taxonomy":"product_cat","embeddable":true,"href":"https:\/\/tkart.eu\/et\/wp-json\/wp\/v2\/product_cat?post=20478"},{"taxonomy":"product_tag","embeddable":true,"href":"https:\/\/tkart.eu\/et\/wp-json\/wp\/v2\/product_tag?post=20478"}],"curies":[{"name":"wp","href":"https:\/\/api.w.org\/{rel}","templated":true}]}}