{"id":20615,"date":"2025-06-02T18:13:22","date_gmt":"2025-06-02T18:13:22","guid":{"rendered":"https:\/\/tkart.eu\/produkt\/unkategorisiert\/ukleja-12cm-police-orange\/"},"modified":"2026-04-03T10:00:17","modified_gmt":"2026-04-03T10:00:17","slug":"ukleja-12cm-police-orange","status":"publish","type":"product","link":"https:\/\/tkart.eu\/de\/produkt\/hechtkoder\/przynety-gumowe\/ukleja-12cm-police-orange\/","title":{"rendered":"Ukleja 12cm &#8211; police orange"},"content":{"rendered":"","protected":false},"excerpt":{"rendered":"<h1>Ukleja 12cm \u2013 mi\u0119kka przyn\u0119ta Police Orange na szczupaki i sandacze<\/h1>\n<p>&nbsp;<\/p>\n<p data-start=\"258\" data-end=\"639\">Mi\u0119kka przyn\u0119ta w\u0119dkarska <strong data-start=\"284\" data-end=\"315\">Ukleja 12cm \u2013 Police Orange<\/strong> to skuteczna bro\u0144 na drapie\u017cniki takie jak <strong data-start=\"359\" data-end=\"371\">szczupak<\/strong> i <strong data-start=\"374\" data-end=\"385\">sandacz<\/strong>. Realistyczny korpus imituj\u0105cy uklej\u0119, wykonany z wysokiej jako\u015bci silikonu, \u0142\u0105czy w sobie naturaln\u0105 prac\u0119 ogona z jaskrawymi, prowokuj\u0105cymi detalami w kolorze pomara\u0144czowym. Idealna na trudne warunki \u2013 przy zm\u0119tnionej wodzie lub niskiej aktywno\u015bci ryb.<\/p>\n<p data-start=\"641\" data-end=\"654\">Specyfikacja:<\/p>\n<p><strong data-start=\"747\" data-end=\"757\">Kolor:<\/strong> Police Orange \u2013 kontrastowe wyko\u0144czenie z jaskrawym ogonem i p\u0142etwami<\/p>\n<p data-start=\"829\" data-end=\"1020\">Ukleja Police Orange \u015bwietnie sprawdza si\u0119 podczas spinningu i opadu. Agresywne prowadzenie, opadaj\u0105ca linia i szeroka praca ogona skutecznie przyci\u0105gaj\u0105 drapie\u017cniki nawet z du\u017cej odleg\u0142o\u015bci.<\/p>\n","protected":false},"featured_media":20617,"template":"","meta":[],"product_brand":[],"product_cat":[1299,1488],"product_tag":[1595,1596,1597,1526,1527,1569,1598,1599,1530],"class_list":{"0":"post-20615","1":"product","2":"type-product","3":"status-publish","4":"has-post-thumbnail","6":"product_cat-przynety-gumowe","7":"product_cat-ukleja","8":"product_tag-jerkbait-miekki","9":"product_tag-police-orange","10":"product_tag-przyneta-20g","11":"product_tag-przyneta-na-sandacza","12":"product_tag-przyneta-na-szczupaka","13":"product_tag-przyneta-silikonowa","14":"product_tag-przynety-drapieznik","15":"product_tag-spinning-szczupak","16":"product_tag-ukleja-12cm","18":"first","19":"instock","20":"shipping-taxable","21":"purchasable","22":"product-type-simple"},"aioseo_notices":[],"jetpack_sharing_enabled":true,"_links":{"self":[{"href":"https:\/\/tkart.eu\/de\/wp-json\/wp\/v2\/product\/20615","targetHints":{"allow":["GET"]}}],"collection":[{"href":"https:\/\/tkart.eu\/de\/wp-json\/wp\/v2\/product"}],"about":[{"href":"https:\/\/tkart.eu\/de\/wp-json\/wp\/v2\/types\/product"}],"wp:featuredmedia":[{"embeddable":true,"href":"https:\/\/tkart.eu\/de\/wp-json\/wp\/v2\/media\/20617"}],"wp:attachment":[{"href":"https:\/\/tkart.eu\/de\/wp-json\/wp\/v2\/media?parent=20615"}],"wp:term":[{"taxonomy":"product_brand","embeddable":true,"href":"https:\/\/tkart.eu\/de\/wp-json\/wp\/v2\/product_brand?post=20615"},{"taxonomy":"product_cat","embeddable":true,"href":"https:\/\/tkart.eu\/de\/wp-json\/wp\/v2\/product_cat?post=20615"},{"taxonomy":"product_tag","embeddable":true,"href":"https:\/\/tkart.eu\/de\/wp-json\/wp\/v2\/product_tag?post=20615"}],"curies":[{"name":"wp","href":"https:\/\/api.w.org\/{rel}","templated":true}]}}