{"id":14803,"date":"2015-04-20T17:41:32","date_gmt":"2015-04-20T17:41:32","guid":{"rendered":"https:\/\/tkart.eu\/lieferung-und-bezahlung\/"},"modified":"2025-05-14T16:18:30","modified_gmt":"2025-05-14T16:18:30","slug":"lieferung-und-bezahlung","status":"publish","type":"page","link":"https:\/\/tkart.eu\/de\/lieferung-und-bezahlung\/","title":{"rendered":"Lieferung und Bezahlung"},"content":{"rendered":"<h3><em>Preisliste f\u00fcr die Lieferung<\/em><\/h3>\n<table style=\"height: 333px\" width=\"624\">\n<tbody>\n<tr>\n<td style=\"text-align: center\"><\/td>\n<td style=\"text-align: center\"><strong>ART DER LIEFERUNG<\/strong><\/td>\n<td style=\"text-align: center\"><strong>TYP<\/strong><\/td>\n<td style=\"text-align: center\"><strong>PREIS<\/strong><\/td>\n<td style=\"text-align: center\"><strong>MAXIMAL PRO PAKET<\/strong><\/td>\n<\/tr>\n<tr>\n<td style=\"text-align: center\"><strong>1.<\/strong><\/td>\n<td style=\"text-align: center\"><strong>Poczta Polska<\/strong><\/td>\n<td style=\"text-align: center\"><\/td>\n<td style=\"text-align: center\"><\/td>\n<td style=\"text-align: center\"><\/td>\n<\/tr>\n<tr>\n<td style=\"text-align: center\"><\/td>\n<td style=\"text-align: center\"><\/td>\n<td style=\"text-align: center\">Einschreiben<\/td>\n<td style=\"text-align: center\">7z\u0142<\/td>\n<td style=\"text-align: center\">unbegrenzte Menge<\/td>\n<\/tr>\n<tr>\n<td style=\"text-align: center\"><\/td>\n<td style=\"text-align: center\"><\/td>\n<td style=\"text-align: center\">Parzelle 24<\/td>\n<td style=\"text-align: center\">12z\u0142<\/td>\n<td style=\"text-align: center\">keine Mengenbeschr\u00e4nkung<\/td>\n<\/tr>\n<tr>\n<td style=\"text-align: center\"><\/td>\n<td style=\"text-align: center\"><\/td>\n<td style=\"text-align: center\">Paket 24 Lieferung<\/td>\n<td style=\"text-align: center\">16z\u0142<\/td>\n<td style=\"text-align: center\">keine Mengenbeschr\u00e4nkung<\/td>\n<\/tr>\n<tr>\n<td style=\"text-align: center\"><strong>2.<\/strong><\/td>\n<td style=\"text-align: center\"><strong>DPD-Kurier<\/strong><\/td>\n<td style=\"text-align: center\">Vorauszahlung<\/td>\n<td style=\"text-align: center\"> 17z\u0142<\/td>\n<td style=\"text-align: center\">keine Mengenbeschr\u00e4nkung<\/td>\n<\/tr>\n<tr>\n<td style=\"text-align: center\"> <strong>3.<\/strong><\/td>\n<td style=\"text-align: center\"><strong>InPost-Paketautomaten<\/strong><\/td>\n<td style=\"text-align: center\"> Vorauskasse<\/td>\n<td style=\"text-align: center\">9z\u0142<\/td>\n<td style=\"text-align: center\">keine Mengenbeschr\u00e4nkung<\/td>\n<\/tr>\n<\/tbody>\n<\/table>\n<h3>Bezahlung<\/h3>\n<p>Die Zahlungsinformationen werden dem Kunden nach vorherigem Kontakt mitgeteilt.<\/p>\n<p>&nbsp;<\/p>\n","protected":false},"excerpt":{"rendered":"<p>Preisliste f\u00fcr die Lieferung ART DER LIEFERUNG TYP PREIS MAXIMAL PRO PAKET 1. Poczta Polska Einschreiben 7z\u0142 unbegrenzte Menge Parzelle 24 12z\u0142 keine Mengenbeschr\u00e4nkung Paket 24 Lieferung 16z\u0142 keine Mengenbeschr\u00e4nkung 2. DPD-Kurier Vorauszahlung 17z\u0142 keine Mengenbeschr\u00e4nkung 3. InPost-Paketautomaten Vorauskasse 9z\u0142 keine Mengenbeschr\u00e4nkung Bezahlung Die Zahlungsinformationen werden dem Kunden nach vorherigem Kontakt mitgeteilt. &nbsp;<\/p>\n","protected":false},"author":1,"featured_media":0,"parent":0,"menu_order":0,"comment_status":"closed","ping_status":"open","template":"","meta":{"footnotes":""},"class_list":["post-14803","page","type-page","status-publish","hentry"],"blocksy_meta":[],"aioseo_notices":[],"jetpack_sharing_enabled":true,"_links":{"self":[{"href":"https:\/\/tkart.eu\/de\/wp-json\/wp\/v2\/pages\/14803","targetHints":{"allow":["GET"]}}],"collection":[{"href":"https:\/\/tkart.eu\/de\/wp-json\/wp\/v2\/pages"}],"about":[{"href":"https:\/\/tkart.eu\/de\/wp-json\/wp\/v2\/types\/page"}],"author":[{"embeddable":true,"href":"https:\/\/tkart.eu\/de\/wp-json\/wp\/v2\/users\/1"}],"replies":[{"embeddable":true,"href":"https:\/\/tkart.eu\/de\/wp-json\/wp\/v2\/comments?post=14803"}],"version-history":[{"count":0,"href":"https:\/\/tkart.eu\/de\/wp-json\/wp\/v2\/pages\/14803\/revisions"}],"wp:attachment":[{"href":"https:\/\/tkart.eu\/de\/wp-json\/wp\/v2\/media?parent=14803"}],"curies":[{"name":"wp","href":"https:\/\/api.w.org\/{rel}","templated":true}]}}