{"id":14565,"date":"2014-08-04T17:42:50","date_gmt":"2014-08-04T17:42:50","guid":{"rendered":"https:\/\/tkart.eu\/jurassic-handgefertigte-angelkoeder-und-zubehoer\/"},"modified":"2025-05-14T16:10:39","modified_gmt":"2025-05-14T16:10:39","slug":"jurassic-handgefertigte-angelkoeder-und-zubehoer","status":"publish","type":"page","link":"https:\/\/tkart.eu\/de\/jurassic-handgefertigte-angelkoeder-und-zubehoer\/","title":{"rendered":"Jurassic &#8211; Handgefertigte Angelk\u00f6der und Zubeh\u00f6r."},"content":{"rendered":"<p><a href=\"\/?product_cat=jerk-venom\">Roter DracheAlle Modelle<\/a>\t\t\t\t<\/p>\n<h1>Angelk\u00f6der und Zubeh\u00f6r<\/h1>\n<div class=\"woocommerce columns-3\"><ul class=\"products columns-3\" data-products=\"type-2\" data-hover=\"zoom-in\">\n<li class=\"product-category product first\">\n\t<a aria-label=\"Produktkategorie Wooden box besuchen\" href=\"https:\/\/tkart.eu\/de\/sc\/wooden-box\/\"><img loading=\"lazy\" decoding=\"async\" src=\"https:\/\/tkart.eu\/wp-content\/uploads\/woocommerce-placeholder.png\" alt=\"Wooden box\" width=\"0\" height=\"0\" \/>\t\t<h2 class=\"woocommerce-loop-category__title\">\n\t\t\tWooden box\t\t<\/h2>\n\t\t<\/a><\/li>\n<li class=\"product-category product\">\n\t<a aria-label=\"Produktkategorie Venom besuchen\" href=\"https:\/\/tkart.eu\/de\/sc\/hechtkoder\/venom\/\"><img loading=\"lazy\" decoding=\"async\" src=\"https:\/\/tkart.eu\/wp-content\/uploads\/woocommerce-placeholder.png\" alt=\"Venom\" width=\"0\" height=\"0\" \/>\t\t<h2 class=\"woocommerce-loop-category__title\">\n\t\t\tVenom\t\t<\/h2>\n\t\t<\/a><\/li>\n<li class=\"product-category product last\">\n\t<a aria-label=\"Produktkategorie Gaspar Tail Bait besuchen\" href=\"https:\/\/tkart.eu\/de\/sc\/hechtkoder\/gaspar-tail-bait\/\"><img loading=\"lazy\" decoding=\"async\" src=\"https:\/\/tkart.eu\/wp-content\/uploads\/woocommerce-placeholder.png\" alt=\"Gaspar Tail Bait\" width=\"0\" height=\"0\" \/>\t\t<h2 class=\"woocommerce-loop-category__title\">\n\t\t\tGaspar Tail Bait\t\t<\/h2>\n\t\t<\/a><\/li>\n<\/ul>\n<\/div>\n<h5>Vermarktung unserer Produkte<\/h5>\n<h2>Wie<br \/>\nzum Verk\u00e4ufer wird<\/h2>\n<p>Werden Sie Teil des Teams und werden Sie H\u00e4ndler von Jurassic Angelk\u00f6dern und Zubeh\u00f6r.<\/p>\n<p>\t\t\t\t\t<a href=\"https:\/\/tkart.eu\/kontakt-2\/\"><br \/>\n\t\t\t\t\t\t\t\t\tMehr lesen<br \/>\n\t\t\t\t\t<\/a><br \/>\n\t\t\t\t\t\t\t\t\t\t\t\t\t\t\t<img decoding=\"async\" src=\"https:\/\/tkart.eu\/wp-content\/uploads\/elementor\/thumbs\/IMG_20191012_125753_988-1-p4z2suh1h4n6ucb8a0bbebi2y1awbqi2ntk0n387t4.jpg\" title=\"IMG_20191012_125753_988\" alt=\"IMG\" loading=\"lazy\" \/><\/p>\n","protected":false},"excerpt":{"rendered":"<p>Roter DracheAlle Modelle Angelk\u00f6der und Zubeh\u00f6r Vermarktung unserer Produkte Wie zum Verk\u00e4ufer wird Werden Sie Teil des Teams und werden Sie H\u00e4ndler von Jurassic Angelk\u00f6dern und Zubeh\u00f6r. Mehr lesen<\/p>\n","protected":false},"author":1,"featured_media":10417,"parent":0,"menu_order":0,"comment_status":"closed","ping_status":"open","template":"","meta":{"footnotes":""},"class_list":["post-14565","page","type-page","status-publish","has-post-thumbnail","hentry"],"blocksy_meta":[],"aioseo_notices":[],"jetpack_sharing_enabled":true,"_links":{"self":[{"href":"https:\/\/tkart.eu\/de\/wp-json\/wp\/v2\/pages\/14565","targetHints":{"allow":["GET"]}}],"collection":[{"href":"https:\/\/tkart.eu\/de\/wp-json\/wp\/v2\/pages"}],"about":[{"href":"https:\/\/tkart.eu\/de\/wp-json\/wp\/v2\/types\/page"}],"author":[{"embeddable":true,"href":"https:\/\/tkart.eu\/de\/wp-json\/wp\/v2\/users\/1"}],"replies":[{"embeddable":true,"href":"https:\/\/tkart.eu\/de\/wp-json\/wp\/v2\/comments?post=14565"}],"version-history":[{"count":1,"href":"https:\/\/tkart.eu\/de\/wp-json\/wp\/v2\/pages\/14565\/revisions"}],"predecessor-version":[{"id":14566,"href":"https:\/\/tkart.eu\/de\/wp-json\/wp\/v2\/pages\/14565\/revisions\/14566"}],"wp:featuredmedia":[{"embeddable":true,"href":"https:\/\/tkart.eu\/de\/wp-json\/wp\/v2\/media\/10417"}],"wp:attachment":[{"href":"https:\/\/tkart.eu\/de\/wp-json\/wp\/v2\/media?parent=14565"}],"curies":[{"name":"wp","href":"https:\/\/api.w.org\/{rel}","templated":true}]}}