{"id":11898,"date":"2017-12-21T09:00:47","date_gmt":"2017-12-21T09:00:47","guid":{"rendered":"https:\/\/tkart.eu\/kontakt\/"},"modified":"2025-03-20T22:34:42","modified_gmt":"2025-03-20T22:34:42","slug":"kontakt","status":"publish","type":"page","link":"https:\/\/tkart.eu\/de\/kontakt\/","title":{"rendered":"Kontakt"},"content":{"rendered":"<h4>Napisz do nas <\/h4>\n<p data-start=\"1109\" data-end=\"1262\">Haben Sie Fragen zu unseren Angelk\u00f6dern? Suchen Sie den perfekten K\u00f6der f\u00fcr Hechte? Oder m\u00f6chten Sie eine Zusammenarbeit starten? Kontaktieren Sie uns!<\/p>\n<p data-start=\"1264\" data-end=\"1327\">\ud83d\udce7 <strong data-start=\"1301\" data-end=\"1312\">E-Mail:<\/strong> <a rel=\"noopener\" data-start=\"1313\" data-end=\"1325\">tom@tkart.eu<\/a><\/p>\n<p data-start=\"1329\" data-end=\"1600\">\ud83d\udd17 <strong data-start=\"1332\" data-end=\"1379\">Finden Sie uns auch in den sozialen Medien:<\/strong><br data-start=\"1379\" data-end=\"1382\" \/>\ud83d\udc49 <strong data-start=\"1385\" data-end=\"1398\">Facebook:<\/strong> <a href=\"https:\/\/www.facebook.com\/jurassicHM\" target=\"_new\" rel=\"noopener\" data-start=\"1399\" data-end=\"1473\">https:\/\/www.facebook.com\/jurassicHM<\/a><br data-start=\"1473\" data-end=\"1476\" \/>\ud83d\udc49 <strong data-start=\"1479\" data-end=\"1493\">Instagram:<\/strong> <a href=\"https:\/\/www.instagram.com\/jurassic_handmade_lures\/\" target=\"_new\" rel=\"noopener\" data-start=\"1494\" data-end=\"1598\">https:\/\/www.instagram.com\/jurassic_handmade_lures\/<\/a><\/p>\n<p data-start=\"1602\" data-end=\"1696\">\ud83d\udd5b <strong data-start=\"1605\" data-end=\"1624\">\u00d6ffnungszeiten:<\/strong><br data-start=\"1624\" data-end=\"1627\" \/>Telefonischer Kontakt nur von Montag bis Freitag, 9:00 \u2013 17:00 Uhr.<\/p>\n<p data-start=\"1698\" data-end=\"1770\">\ud83c\udfa3 <strong data-start=\"1701\" data-end=\"1768\">M\u00f6gen die gro\u00dfen Hechte niemals an Ihrem K\u00f6der vorbeischwimmen!<\/strong><\/p>\n<h3 data-start=\"1772\" data-end=\"1824\"><strong data-start=\"1776\" data-end=\"1822\">Zusammenarbeit &amp; Vertrieb \u2013 JURASSIC LURES<\/strong><\/h3>\n<p data-start=\"1825\" data-end=\"2052\">Sind Sie Besitzer eines Angelgesch\u00e4fts oder Gro\u00dfh\u00e4ndlers und m\u00f6chten Ihr Sortiment um erstklassige Hechtk\u00f6der erweitern? Wir bieten attraktive Kooperationsbedingungen f\u00fcr Gro\u00dfkunden und Distributoren der Marke JURASSIC LURES.<\/p>\n<p data-start=\"2054\" data-end=\"2158\">\ud83d\udd39 Gro\u00dfe Auswahl an bew\u00e4hrten K\u00f6dern<br data-start=\"2090\" data-end=\"2093\" \/>\ud83d\udd39 Flexible Bestellkonditionen<br data-start=\"2123\" data-end=\"2126\" \/>\ud83d\udd39 Schnelle Auftragsabwicklung<\/p>\n<p data-start=\"2160\" data-end=\"2262\">Werden Sie unser Partner \u2013 gemeinsam sorgen wir daf\u00fcr, dass die gro\u00dfen Hechte keine Chance haben! \ud83c\udfa3<\/p>\n","protected":false},"excerpt":{"rendered":"<p>Napisz do nas Haben Sie Fragen zu unseren Angelk\u00f6dern? Suchen Sie den perfekten K\u00f6der f\u00fcr Hechte? Oder m\u00f6chten Sie eine Zusammenarbeit starten? Kontaktieren Sie uns! \ud83d\udce7 E-Mail: tom@tkart.eu \ud83d\udd17 Finden Sie uns auch in den sozialen Medien:\ud83d\udc49 Facebook: https:\/\/www.facebook.com\/jurassicHM\ud83d\udc49 Instagram: https:\/\/www.instagram.com\/jurassic_handmade_lures\/ \ud83d\udd5b \u00d6ffnungszeiten:Telefonischer Kontakt nur von Montag bis Freitag, 9:00 \u2013 17:00 Uhr. \ud83c\udfa3 M\u00f6gen [&hellip;]<\/p>\n","protected":false},"author":1,"featured_media":0,"parent":0,"menu_order":0,"comment_status":"closed","ping_status":"closed","template":"","meta":{"footnotes":""},"class_list":["post-11898","page","type-page","status-publish","hentry"],"blocksy_meta":[],"aioseo_notices":[],"jetpack_sharing_enabled":true,"_links":{"self":[{"href":"https:\/\/tkart.eu\/de\/wp-json\/wp\/v2\/pages\/11898","targetHints":{"allow":["GET"]}}],"collection":[{"href":"https:\/\/tkart.eu\/de\/wp-json\/wp\/v2\/pages"}],"about":[{"href":"https:\/\/tkart.eu\/de\/wp-json\/wp\/v2\/types\/page"}],"author":[{"embeddable":true,"href":"https:\/\/tkart.eu\/de\/wp-json\/wp\/v2\/users\/1"}],"replies":[{"embeddable":true,"href":"https:\/\/tkart.eu\/de\/wp-json\/wp\/v2\/comments?post=11898"}],"version-history":[{"count":5,"href":"https:\/\/tkart.eu\/de\/wp-json\/wp\/v2\/pages\/11898\/revisions"}],"predecessor-version":[{"id":12807,"href":"https:\/\/tkart.eu\/de\/wp-json\/wp\/v2\/pages\/11898\/revisions\/12807"}],"wp:attachment":[{"href":"https:\/\/tkart.eu\/de\/wp-json\/wp\/v2\/media?parent=11898"}],"curies":[{"name":"wp","href":"https:\/\/api.w.org\/{rel}","templated":true}]}}