{"id":21726,"date":"2020-11-10T21:44:02","date_gmt":"2020-11-10T21:44:02","guid":{"rendered":"https:\/\/tkart.eu\/produkt\/nezarazene\/jerk-classic-venom\/"},"modified":"2026-04-03T14:06:03","modified_gmt":"2026-04-03T14:06:03","slug":"jerk-classic-venom","status":"publish","type":"product","link":"https:\/\/tkart.eu\/cs\/produkt\/navnady-na-stiky\/jerk-classic-venom\/","title":{"rendered":"Venom &#8211; Original"},"content":{"rendered":"<p class=\"\" data-start=\"117\" data-end=\"178\"><strong data-start=\"120\" data-end=\"178\">R\u0119cznie robiony jerkbait na szczupaka \u2013 wz\u00f3r Firetiger<\/strong><\/p>\n<p class=\"\" data-start=\"180\" data-end=\"591\">Ta r\u0119cznie wykonana przyn\u0119ta jerkbait zosta\u0142a stworzona z my\u015bl\u0105 o prawdziwych \u0142owcach szczupak\u00f3w. Wyrazista kolorystyka <strong data-start=\"300\" data-end=\"313\">firetiger<\/strong>, realistyczne wyko\u0144czenie i solidna konstrukcja czyni\u0105 z niej doskona\u0142\u0105 bro\u0144 na du\u017ce drapie\u017cniki s\u0142odkowodne.<br data-start=\"423\" data-end=\"426\" \/>Zaprojektowana z my\u015bl\u0105 o precyzyjnym prowadzeniu, testowana pod k\u0105tem idealnej pracy w wodzie \u2013 \u015bwietnie sprawdza si\u0119 szczeg\u00f3lnie w m\u0119tnych lub ciemnych zbiornikach.<\/p>\n<p class=\"\" data-start=\"593\" data-end=\"775\"><strong data-start=\"597\" data-end=\"621\">Najwa\u017cniejsze cechy:<\/strong><br \/>\n\u2013 R\u0119cznie wykonana i malowana<br data-start=\"651\" data-end=\"654\" \/>\u2013 Realistyczne oczy 3D i tekstura \u0142usek<br data-start=\"693\" data-end=\"696\" \/>\u2013 Wzmocnione kotwiczki BKK<br data-start=\"730\" data-end=\"733\" \/>\u2013 Kolor Firetiger \u2013 idealny do m\u0119tnej wody<\/p>\n<p class=\"\" data-start=\"777\" data-end=\"902\">\u015awietny pomys\u0142 na prezent dla w\u0119dkarzy szczupakowych, kolekcjoner\u00f3w przyn\u0119t i wszystkich pasjonat\u00f3w \u0142owienia drapie\u017cnik\u00f3w.<\/p>\n<p class=\"\" data-start=\"904\" data-end=\"1008\">Ka\u017cda przyn\u0119ta jest wykonana indywidualnie \u2013 drobne r\u00f3\u017cnice sprawiaj\u0105, \u017ce ka\u017cda sztuka jest unikalna.<\/p>\n","protected":false},"excerpt":{"rendered":"<p>R\u0119cznie robiony jerkbait na szczupaka \u2013 wz\u00f3r Firetiger Ta r\u0119cznie wykonana przyn\u0119ta jerkbait zosta\u0142a stworzona z my\u015bl\u0105 o prawdziwych \u0142owcach szczupak\u00f3w. Wyrazista kolorystyka firetiger, realistyczne wyko\u0144czenie i solidna konstrukcja czyni\u0105 z niej doskona\u0142\u0105 bro\u0144 na du\u017ce drapie\u017cniki s\u0142odkowodne.Zaprojektowana z my\u015bl\u0105 o precyzyjnym prowadzeniu, testowana pod k\u0105tem idealnej pracy w wodzie \u2013 \u015bwietnie sprawdza si\u0119 szczeg\u00f3lnie [&hellip;]<\/p>\n","protected":false},"featured_media":14919,"template":"","meta":[],"product_brand":[],"product_cat":[1270,1782],"product_tag":[1359,1360,1361,1362,1363,1364,1365,1366,1367,1368,1369,1370,1371,1372,1373,1374,1375,1376,1377,1378,1379,1380],"class_list":{"0":"post-21726","1":"product","2":"type-product","3":"status-publish","4":"has-post-thumbnail","6":"product_cat-navnady-na-stiky","7":"product_cat-venom","8":"product_tag-bait","9":"product_tag-big-fish","10":"product_tag-big-fish-lure","11":"product_tag-classic","12":"product_tag-fishing-lure","13":"product_tag-glide","14":"product_tag-handmade","15":"product_tag-handmade-bait","16":"product_tag-handmade-jerk","17":"product_tag-handmade-jerkbait","18":"product_tag-jerk","19":"product_tag-jerk-fishing","20":"product_tag-jerk-okon","21":"product_tag-jerkbait","22":"product_tag-lure","23":"product_tag-malowanie-w-paski","24":"product_tag-paski","25":"product_tag-prazki","26":"product_tag-venom","27":"product_tag-wobler","28":"product_tag-zielony","29":"product_tag-zolty","31":"first","32":"instock","33":"shipping-taxable","34":"purchasable","35":"product-type-variable"},"aioseo_notices":[],"jetpack_sharing_enabled":true,"_links":{"self":[{"href":"https:\/\/tkart.eu\/cs\/wp-json\/wp\/v2\/product\/21726","targetHints":{"allow":["GET"]}}],"collection":[{"href":"https:\/\/tkart.eu\/cs\/wp-json\/wp\/v2\/product"}],"about":[{"href":"https:\/\/tkart.eu\/cs\/wp-json\/wp\/v2\/types\/product"}],"wp:featuredmedia":[{"embeddable":true,"href":"https:\/\/tkart.eu\/cs\/wp-json\/wp\/v2\/media\/14919"}],"wp:attachment":[{"href":"https:\/\/tkart.eu\/cs\/wp-json\/wp\/v2\/media?parent=21726"}],"wp:term":[{"taxonomy":"product_brand","embeddable":true,"href":"https:\/\/tkart.eu\/cs\/wp-json\/wp\/v2\/product_brand?post=21726"},{"taxonomy":"product_cat","embeddable":true,"href":"https:\/\/tkart.eu\/cs\/wp-json\/wp\/v2\/product_cat?post=21726"},{"taxonomy":"product_tag","embeddable":true,"href":"https:\/\/tkart.eu\/cs\/wp-json\/wp\/v2\/product_tag?post=21726"}],"curies":[{"name":"wp","href":"https:\/\/api.w.org\/{rel}","templated":true}]}}