{"id":20530,"date":"2025-06-02T20:21:24","date_gmt":"2025-06-02T20:21:24","guid":{"rendered":"https:\/\/tkart.eu\/produkt\/nezarazene\/ukleja-12-cm-green-red\/"},"modified":"2026-04-03T06:47:51","modified_gmt":"2026-04-03T06:47:51","slug":"ukleja-12-cm-green-red","status":"publish","type":"product","link":"https:\/\/tkart.eu\/cs\/produkt\/navnady-na-stiky\/przynety-gumowe\/ukleja-12-cm-green-red\/","title":{"rendered":"Ukleja 12 cm Green Red"},"content":{"rendered":"","protected":false},"excerpt":{"rendered":"<p data-start=\"231\" data-end=\"501\"><strong data-start=\"231\" data-end=\"258\">Ukleja 12cm \u2013 Green Red<\/strong> to klasyczna przyn\u0119ta silikonowa o naturalnym, srebrzysto-zielonym korpusie z kontrastuj\u0105cym czerwonym ogonem. Ta kombinacja kolorystyczna dzia\u0142a szczeg\u00f3lnie dobrze na <strong data-start=\"427\" data-end=\"440\">szczupaki<\/strong> i <strong data-start=\"443\" data-end=\"455\">sandacze<\/strong>, wywo\u0142uj\u0105c u drapie\u017cnik\u00f3w instynktowne ataki.<\/p>\n<p data-start=\"503\" data-end=\"695\">Przy p\u0142ynnym prowadzeniu i pracy ogona przypominaj\u0105cej rann\u0105 uklej\u0119, przyn\u0119ta tworzy siln\u0105 fal\u0119 hydroakustyczn\u0105, a jaskrawy ogon skutecznie zwraca uwag\u0119 drapie\u017cnika \u2013 nawet z du\u017cej odleg\u0142o\u015bci.<\/p>\n","protected":false},"featured_media":20531,"template":"","meta":[],"product_brand":[],"product_cat":[1286,1270,1486],"product_tag":[],"class_list":{"0":"post-20530","1":"product","2":"type-product","3":"status-publish","4":"has-post-thumbnail","6":"product_cat-przynety-gumowe","7":"product_cat-navnady-na-stiky","8":"product_cat-ukleja","10":"first","11":"outofstock","12":"shipping-taxable","13":"purchasable","14":"product-type-simple"},"aioseo_notices":[],"jetpack_sharing_enabled":true,"_links":{"self":[{"href":"https:\/\/tkart.eu\/cs\/wp-json\/wp\/v2\/product\/20530","targetHints":{"allow":["GET"]}}],"collection":[{"href":"https:\/\/tkart.eu\/cs\/wp-json\/wp\/v2\/product"}],"about":[{"href":"https:\/\/tkart.eu\/cs\/wp-json\/wp\/v2\/types\/product"}],"wp:featuredmedia":[{"embeddable":true,"href":"https:\/\/tkart.eu\/cs\/wp-json\/wp\/v2\/media\/20531"}],"wp:attachment":[{"href":"https:\/\/tkart.eu\/cs\/wp-json\/wp\/v2\/media?parent=20530"}],"wp:term":[{"taxonomy":"product_brand","embeddable":true,"href":"https:\/\/tkart.eu\/cs\/wp-json\/wp\/v2\/product_brand?post=20530"},{"taxonomy":"product_cat","embeddable":true,"href":"https:\/\/tkart.eu\/cs\/wp-json\/wp\/v2\/product_cat?post=20530"},{"taxonomy":"product_tag","embeddable":true,"href":"https:\/\/tkart.eu\/cs\/wp-json\/wp\/v2\/product_tag?post=20530"}],"curies":[{"name":"wp","href":"https:\/\/api.w.org\/{rel}","templated":true}]}}