{"id":14807,"date":"2015-04-20T17:41:32","date_gmt":"2015-04-20T17:41:32","guid":{"rendered":"https:\/\/tkart.eu\/dodani-a-platba\/"},"modified":"2025-05-14T16:18:31","modified_gmt":"2025-05-14T16:18:31","slug":"dodani-a-platba","status":"publish","type":"page","link":"https:\/\/tkart.eu\/cs\/dodani-a-platba\/","title":{"rendered":"Dod\u00e1n\u00ed a platba"},"content":{"rendered":"<h3><em>Cen\u00edk dod\u00e1vek<\/em><\/h3>\n<table style=\"height: 333px\" width=\"624\">\n<tbody>\n<tr>\n<td style=\"text-align: center\"><\/td>\n<td style=\"text-align: center\"><strong>ZP\u016eSOB DORU\u010cEN\u00cd<\/strong><\/td>\n<td style=\"text-align: center\"><strong>TYP<\/strong><\/td>\n<td style=\"text-align: center\"><strong>CENA<\/strong><\/td>\n<td style=\"text-align: center\"><strong>MAXIM\u00c1LN\u011a ZA BAL\u00cd\u010cEK<\/strong><\/td>\n<\/tr>\n<tr>\n<td style=\"text-align: center\"><strong>1.<\/strong><\/td>\n<td style=\"text-align: center\"><strong>Poczta Polska<\/strong><\/td>\n<td style=\"text-align: center\"><\/td>\n<td style=\"text-align: center\"><\/td>\n<td style=\"text-align: center\"><\/td>\n<\/tr>\n<tr>\n<td style=\"text-align: center\"><\/td>\n<td style=\"text-align: center\"><\/td>\n<td style=\"text-align: center\">Doporu\u010den\u00fd dopis<\/td>\n<td style=\"text-align: center\">7z\u0142<\/td>\n<td style=\"text-align: center\">neomezen\u00e9 mno\u017estv\u00ed<\/td>\n<\/tr>\n<tr>\n<td style=\"text-align: center\"><\/td>\n<td style=\"text-align: center\"><\/td>\n<td style=\"text-align: center\">Parcela 24<\/td>\n<td style=\"text-align: center\">12z\u0142<\/td>\n<td style=\"text-align: center\">bez mno\u017estevn\u00edch omezen\u00ed<\/td>\n<\/tr>\n<tr>\n<td style=\"text-align: center\"><\/td>\n<td style=\"text-align: center\"><\/td>\n<td style=\"text-align: center\">Doru\u010den\u00ed bal\u00edku 24<\/td>\n<td style=\"text-align: center\">16z\u0142<\/td>\n<td style=\"text-align: center\">\u017e\u00e1dn\u00e9 mno\u017estevn\u00ed omezen\u00ed<\/td>\n<\/tr>\n<tr>\n<td style=\"text-align: center\"><strong>2.<\/strong><\/td>\n<td style=\"text-align: center\"><strong>Kur\u00fdr DPD<\/strong><\/td>\n<td style=\"text-align: center\">platba p\u0159edem<\/td>\n<td style=\"text-align: center\"> 17z\u0142<\/td>\n<td style=\"text-align: center\">bez omezen\u00ed mno\u017estv\u00ed<\/td>\n<\/tr>\n<tr>\n<td style=\"text-align: center\"> <strong>3.<\/strong><\/td>\n<td style=\"text-align: center\"><strong>Bal\u00edkomaty InPost<\/strong><\/td>\n<td style=\"text-align: center\"> p\u0159edplacen\u00e9 slu\u017eby<\/td>\n<td style=\"text-align: center\">9z\u0142<\/td>\n<td style=\"text-align: center\">bez mno\u017estevn\u00edho omezen\u00ed<\/td>\n<\/tr>\n<\/tbody>\n<\/table>\n<h3>Platba<\/h3>\n<p>Platebn\u00ed \u00fadaje jsou z\u00e1kazn\u00edkovi poskytnuty po p\u0159edchoz\u00edm kontaktu.<\/p>\n<p>&nbsp;<\/p>\n","protected":false},"excerpt":{"rendered":"<p>Cen\u00edk dod\u00e1vek ZP\u016eSOB DORU\u010cEN\u00cd TYP CENA MAXIM\u00c1LN\u011a ZA BAL\u00cd\u010cEK 1. Poczta Polska Doporu\u010den\u00fd dopis 7z\u0142 neomezen\u00e9 mno\u017estv\u00ed Parcela 24 12z\u0142 bez mno\u017estevn\u00edch omezen\u00ed Doru\u010den\u00ed bal\u00edku 24 16z\u0142 \u017e\u00e1dn\u00e9 mno\u017estevn\u00ed omezen\u00ed 2. Kur\u00fdr DPD platba p\u0159edem 17z\u0142 bez omezen\u00ed mno\u017estv\u00ed 3. Bal\u00edkomaty InPost p\u0159edplacen\u00e9 slu\u017eby 9z\u0142 bez mno\u017estevn\u00edho omezen\u00ed Platba Platebn\u00ed \u00fadaje jsou z\u00e1kazn\u00edkovi poskytnuty po [&hellip;]<\/p>\n","protected":false},"author":1,"featured_media":0,"parent":0,"menu_order":0,"comment_status":"closed","ping_status":"open","template":"","meta":{"footnotes":""},"class_list":["post-14807","page","type-page","status-publish","hentry"],"blocksy_meta":[],"aioseo_notices":[],"jetpack_sharing_enabled":true,"_links":{"self":[{"href":"https:\/\/tkart.eu\/cs\/wp-json\/wp\/v2\/pages\/14807","targetHints":{"allow":["GET"]}}],"collection":[{"href":"https:\/\/tkart.eu\/cs\/wp-json\/wp\/v2\/pages"}],"about":[{"href":"https:\/\/tkart.eu\/cs\/wp-json\/wp\/v2\/types\/page"}],"author":[{"embeddable":true,"href":"https:\/\/tkart.eu\/cs\/wp-json\/wp\/v2\/users\/1"}],"replies":[{"embeddable":true,"href":"https:\/\/tkart.eu\/cs\/wp-json\/wp\/v2\/comments?post=14807"}],"version-history":[{"count":0,"href":"https:\/\/tkart.eu\/cs\/wp-json\/wp\/v2\/pages\/14807\/revisions"}],"wp:attachment":[{"href":"https:\/\/tkart.eu\/cs\/wp-json\/wp\/v2\/media?parent=14807"}],"curies":[{"name":"wp","href":"https:\/\/api.w.org\/{rel}","templated":true}]}}