{"id":14751,"date":"2014-08-04T17:42:50","date_gmt":"2014-08-04T17:42:50","guid":{"rendered":"https:\/\/tkart.eu\/jurassic-rucne-vyrabene-rybarske-nastrahy-a-prislusenstvi\/"},"modified":"2025-05-14T16:15:56","modified_gmt":"2025-05-14T16:15:56","slug":"jurassic-rucne-vyrabene-rybarske-nastrahy-a-prislusenstvi","status":"publish","type":"page","link":"https:\/\/tkart.eu\/cs\/jurassic-rucne-vyrabene-rybarske-nastrahy-a-prislusenstvi\/","title":{"rendered":"Jurassic &#8211; Ru\u010dn\u011b vyr\u00e1b\u011bn\u00e9 ryb\u00e1\u0159sk\u00e9 n\u00e1strahy a p\u0159\u00edslu\u0161enstv\u00ed."},"content":{"rendered":"<p><a href=\"\/?product_cat=jerk-venom\">\u010cerven\u00fd drakV\u0161echny modely<\/a>\t\t\t\t<\/p>\n<h1>Ryb\u00e1\u0159sk\u00e9 n\u00e1vnady a p\u0159\u00edslu\u0161enstv\u00ed<\/h1>\n<div class=\"woocommerce columns-3\"><ul class=\"products columns-3\" data-products=\"type-2\" data-hover=\"zoom-in\">\n<li class=\"product-category product first\">\n\t<a aria-label=\"Nav\u0161tivte kategorii produktu Wooden box\" href=\"https:\/\/tkart.eu\/cs\/sc\/wooden-box\/\"><img loading=\"lazy\" decoding=\"async\" src=\"https:\/\/tkart.eu\/wp-content\/uploads\/woocommerce-placeholder.png\" alt=\"Wooden box\" width=\"0\" height=\"0\" \/>\t\t<h2 class=\"woocommerce-loop-category__title\">\n\t\t\tWooden box <mark class=\"count\">(4)<\/mark>\t\t<\/h2>\n\t\t<\/a><\/li>\n<li class=\"product-category product\">\n\t<a aria-label=\"Nav\u0161tivte kategorii produktu Venom\" href=\"https:\/\/tkart.eu\/cs\/sc\/venom\/\"><img loading=\"lazy\" decoding=\"async\" src=\"https:\/\/tkart.eu\/wp-content\/uploads\/woocommerce-placeholder.png\" alt=\"Venom\" width=\"0\" height=\"0\" \/>\t\t<h2 class=\"woocommerce-loop-category__title\">\n\t\t\tVenom <mark class=\"count\">(12)<\/mark>\t\t<\/h2>\n\t\t<\/a><\/li>\n<li class=\"product-category product last\">\n\t<a aria-label=\"Nav\u0161tivte kategorii produktu N\u00e1vnada Gaspar Tail\" href=\"https:\/\/tkart.eu\/cs\/sc\/navnada-gaspar-tail\/\"><img loading=\"lazy\" decoding=\"async\" src=\"https:\/\/tkart.eu\/wp-content\/uploads\/woocommerce-placeholder.png\" alt=\"N\u00e1vnada Gaspar Tail\" width=\"0\" height=\"0\" \/>\t\t<h2 class=\"woocommerce-loop-category__title\">\n\t\t\tN\u00e1vnada Gaspar Tail <mark class=\"count\">(16)<\/mark>\t\t<\/h2>\n\t\t<\/a><\/li>\n<\/ul>\n<\/div>\n<h5>Marketing na\u0161ich produkt\u016f<\/h5>\n<h2>Jak se<br \/>\nst\u00e1t prodejcem<\/h2>\n<p>P\u0159idejte se k t\u00fdmu a sta\u0148te se distributorem ryb\u00e1\u0159sk\u00fdch n\u00e1vnad a p\u0159\u00edslu\u0161enstv\u00ed Jurassic.<\/p>\n<p>\t\t\t\t\t<a href=\"https:\/\/tkart.eu\/kontakt-2\/\"><br \/>\n\t\t\t\t\t\t\t\t\tP\u0159e\u010dt\u011bte si v\u00edce<br \/>\n\t\t\t\t\t<\/a><br \/>\n\t\t\t\t\t\t\t\t\t\t\t\t\t\t\t<img decoding=\"async\" src=\"https:\/\/tkart.eu\/wp-content\/uploads\/elementor\/thumbs\/IMG_20191012_125753_988-1-p4z2suh1h4n6ucb8a0bbebi2y1awbqi2ntk0n387t4.jpg\" title=\"IMG_20191012_125753_988\" alt=\"IMG\" loading=\"lazy\" \/><\/p>\n","protected":false},"excerpt":{"rendered":"<p>\u010cerven\u00fd drakV\u0161echny modely Ryb\u00e1\u0159sk\u00e9 n\u00e1vnady a p\u0159\u00edslu\u0161enstv\u00ed Marketing na\u0161ich produkt\u016f Jak se st\u00e1t prodejcem P\u0159idejte se k t\u00fdmu a sta\u0148te se distributorem ryb\u00e1\u0159sk\u00fdch n\u00e1vnad a p\u0159\u00edslu\u0161enstv\u00ed Jurassic. P\u0159e\u010dt\u011bte si v\u00edce<\/p>\n","protected":false},"author":1,"featured_media":0,"parent":0,"menu_order":0,"comment_status":"closed","ping_status":"open","template":"","meta":{"footnotes":""},"class_list":["post-14751","page","type-page","status-publish","hentry"],"blocksy_meta":[],"aioseo_notices":[],"jetpack_sharing_enabled":true,"_links":{"self":[{"href":"https:\/\/tkart.eu\/cs\/wp-json\/wp\/v2\/pages\/14751","targetHints":{"allow":["GET"]}}],"collection":[{"href":"https:\/\/tkart.eu\/cs\/wp-json\/wp\/v2\/pages"}],"about":[{"href":"https:\/\/tkart.eu\/cs\/wp-json\/wp\/v2\/types\/page"}],"author":[{"embeddable":true,"href":"https:\/\/tkart.eu\/cs\/wp-json\/wp\/v2\/users\/1"}],"replies":[{"embeddable":true,"href":"https:\/\/tkart.eu\/cs\/wp-json\/wp\/v2\/comments?post=14751"}],"version-history":[{"count":1,"href":"https:\/\/tkart.eu\/cs\/wp-json\/wp\/v2\/pages\/14751\/revisions"}],"predecessor-version":[{"id":14761,"href":"https:\/\/tkart.eu\/cs\/wp-json\/wp\/v2\/pages\/14751\/revisions\/14761"}],"wp:attachment":[{"href":"https:\/\/tkart.eu\/cs\/wp-json\/wp\/v2\/media?parent=14751"}],"curies":[{"name":"wp","href":"https:\/\/api.w.org\/{rel}","templated":true}]}}