{"id":14191,"date":"2017-12-21T09:00:47","date_gmt":"2017-12-21T09:00:47","guid":{"rendered":"https:\/\/tkart.eu\/kontakt\/"},"modified":"2025-05-14T12:57:23","modified_gmt":"2025-05-14T12:57:23","slug":"kontakt","status":"publish","type":"page","link":"https:\/\/tkart.eu\/cs\/kontakt\/","title":{"rendered":"Kontakt"},"content":{"rendered":"<h4>Napisz do nas  <\/h4>\n<p>Masz pytania dotycz\u0105ce naszych przyn\u0119t w\u0119dkarskich? Szukasz idealnej przyn\u0119ty na szczupaka? A mo\u017ce chcesz nawi\u0105za\u0107 wsp\u00f3\u0142prac\u0119? Skontaktuj si\u0119 z nami!<\/p>\n<p><strong>Telefon:<\/strong> +48 669 218 576<br \/><strong>E-mail:<\/strong> tom@tkart.eu<\/p>\n<p><strong>Znajdziesz nas tak\u017ce w mediach spo\u0142eczno\u015bciowych:<br \/><\/strong><strong style=\"font-size: 14px; text-align: var(--text-align); color: var(--wd-text-color);\">Facebook: <\/strong> https:\/\/www.facebook.com\/jurassicHM <br \/><strong>Instagram:<\/strong> https:\/\/www.instagram.com\/jurassic_handmade_lures\/<\/p>\n<p><strong>Godziny:<\/strong><br \/>Kontakt telefoniczny tylko od pon-pt w godzinach 9-17<\/p>\n<p>Niech wielkie szczupaki nigdy nie omijaj\u0105 Twojej przyn\u0119ty!<\/p>\n<h3>Wsp\u00f3\u0142praca i dystrybucja <strong>JURASSIC LURES<\/strong><\/h3>\n<p>Jeste\u015b w\u0142a\u015bcicielem sklepu w\u0119dkarskiego lub hurtowni i chcesz wzbogaci\u0107 swoj\u0105 ofert\u0119 o topowe przyn\u0119ty na szczupaka? Oferujemy atrakcyjne warunki wsp\u00f3\u0142pracy dla klient\u00f3w hurtowych oraz dystrybutor\u00f3w marki <strong>JURASSIC LURES<\/strong>.<\/p>\n<p>Szeroki wyb\u00f3r sprawdzonych przyn\u0119t<br \/>Elastyczne warunki zam\u00f3wie\u0144<br \/>Szybka realizacja zam\u00f3wie\u0144<\/p>\n<p>Zapraszamy do wsp\u00f3\u0142pracy &#8211; razem sprawimy, \u017ce wielkie szczupaki nie b\u0119d\u0105 mia\u0142y szans! \ud83c\udfa3<\/p>\n","protected":false},"excerpt":{"rendered":"<p>Napisz do nas Masz pytania dotycz\u0105ce naszych przyn\u0119t w\u0119dkarskich? Szukasz idealnej przyn\u0119ty na szczupaka? A mo\u017ce chcesz nawi\u0105za\u0107 wsp\u00f3\u0142prac\u0119? Skontaktuj si\u0119 z nami! Telefon: +48 669 218 576E-mail: tom@tkart.eu Znajdziesz nas tak\u017ce w mediach spo\u0142eczno\u015bciowych:Facebook: https:\/\/www.facebook.com\/jurassicHM Instagram: https:\/\/www.instagram.com\/jurassic_handmade_lures\/ Godziny:Kontakt telefoniczny tylko od pon-pt w godzinach 9-17 Niech wielkie szczupaki nigdy nie omijaj\u0105 Twojej przyn\u0119ty! Wsp\u00f3\u0142praca [&hellip;]<\/p>\n","protected":false},"author":1,"featured_media":0,"parent":0,"menu_order":0,"comment_status":"closed","ping_status":"closed","template":"","meta":{"footnotes":""},"class_list":["post-14191","page","type-page","status-publish","hentry"],"blocksy_meta":[],"aioseo_notices":[],"jetpack_sharing_enabled":true,"_links":{"self":[{"href":"https:\/\/tkart.eu\/cs\/wp-json\/wp\/v2\/pages\/14191","targetHints":{"allow":["GET"]}}],"collection":[{"href":"https:\/\/tkart.eu\/cs\/wp-json\/wp\/v2\/pages"}],"about":[{"href":"https:\/\/tkart.eu\/cs\/wp-json\/wp\/v2\/types\/page"}],"author":[{"embeddable":true,"href":"https:\/\/tkart.eu\/cs\/wp-json\/wp\/v2\/users\/1"}],"replies":[{"embeddable":true,"href":"https:\/\/tkart.eu\/cs\/wp-json\/wp\/v2\/comments?post=14191"}],"version-history":[{"count":5,"href":"https:\/\/tkart.eu\/cs\/wp-json\/wp\/v2\/pages\/14191\/revisions"}],"predecessor-version":[{"id":14546,"href":"https:\/\/tkart.eu\/cs\/wp-json\/wp\/v2\/pages\/14191\/revisions\/14546"}],"wp:attachment":[{"href":"https:\/\/tkart.eu\/cs\/wp-json\/wp\/v2\/media?parent=14191"}],"curies":[{"name":"wp","href":"https:\/\/api.w.org\/{rel}","templated":true}]}}