{"id":21926,"date":"2019-01-14T19:17:02","date_gmt":"2019-01-14T19:17:02","guid":{"rendered":"https:\/\/tkart.eu\/produkt\/\u043d\u0435\u043a\u0430\u0442\u0435\u0433\u043e\u0440\u0438\u0437\u0438\u0440\u0430\u043d\u0438\/drewniane-pudelko-10x10cm-z-plaskorzezba-przedstawiajaca-pstraga\/"},"modified":"2026-04-03T15:47:03","modified_gmt":"2026-04-03T15:47:03","slug":"drewniane-pudelko-10x10cm-z-plaskorzezba-przedstawiajaca-pstraga","status":"publish","type":"product","link":"https:\/\/tkart.eu\/bg\/produkt\/wooden-box\/drewniane-pudelko-10x10cm-z-plaskorzezba-przedstawiajaca-pstraga\/","title":{"rendered":"Drewniane pude\u0142ko 10x10cm z p\u0142askorze\u017ab\u0105 przedstawiaj\u0105c\u0105 pstr\u0105ga"},"content":{"rendered":"<p><img loading=\"lazy\" decoding=\"async\" class=\"aligncenter size-full wp-image-1253\" src=\"https:\/\/tkart.eu\/wp-content\/uploads\/pudelko-10x10cm-pstrag-1.jpg\" alt=\"\" width=\"500\" height=\"491\" srcset=\"https:\/\/tkart.eu\/wp-content\/uploads\/pudelko-10x10cm-pstrag-1.jpg 500w, https:\/\/tkart.eu\/wp-content\/uploads\/pudelko-10x10cm-pstrag-1-70x70.jpg 70w, https:\/\/tkart.eu\/wp-content\/uploads\/pudelko-10x10cm-pstrag-1-300x295.jpg 300w, https:\/\/tkart.eu\/wp-content\/uploads\/pudelko-10x10cm-pstrag-1-50x50.jpg 50w, https:\/\/tkart.eu\/wp-content\/uploads\/pudelko-10x10cm-pstrag-1-150x147.jpg 150w\" sizes=\"auto, (max-width: 500px) 100vw, 500px\" \/> <img loading=\"lazy\" decoding=\"async\" class=\"aligncenter size-full wp-image-1254\" src=\"https:\/\/tkart.eu\/wp-content\/uploads\/pudelko-10x10cm-pstrag-2.jpg\" alt=\"\" width=\"500\" height=\"397\" srcset=\"https:\/\/tkart.eu\/wp-content\/uploads\/pudelko-10x10cm-pstrag-2.jpg 500w, https:\/\/tkart.eu\/wp-content\/uploads\/pudelko-10x10cm-pstrag-2-300x238.jpg 300w, https:\/\/tkart.eu\/wp-content\/uploads\/pudelko-10x10cm-pstrag-2-150x119.jpg 150w\" sizes=\"auto, (max-width: 500px) 100vw, 500px\" \/> <img loading=\"lazy\" decoding=\"async\" class=\"aligncenter size-full wp-image-1255\" src=\"https:\/\/tkart.eu\/wp-content\/uploads\/pudelko-10x10cm-pstrag-3.jpg\" alt=\"\" width=\"700\" height=\"780\" srcset=\"https:\/\/tkart.eu\/wp-content\/uploads\/pudelko-10x10cm-pstrag-3.jpg 700w, https:\/\/tkart.eu\/wp-content\/uploads\/pudelko-10x10cm-pstrag-3-538x600.jpg 538w, https:\/\/tkart.eu\/wp-content\/uploads\/pudelko-10x10cm-pstrag-3-269x300.jpg 269w, https:\/\/tkart.eu\/wp-content\/uploads\/pudelko-10x10cm-pstrag-3-150x167.jpg 150w\" sizes=\"auto, (max-width: 700px) 100vw, 700px\" \/> <img loading=\"lazy\" decoding=\"async\" class=\"aligncenter size-full wp-image-1252\" src=\"https:\/\/tkart.eu\/wp-content\/uploads\/pudelko-10x10cm-pstrag.jpg\" alt=\"\" width=\"900\" height=\"642\" \/><\/p>\n","protected":false},"excerpt":{"rendered":"","protected":false},"featured_media":21927,"template":"","meta":[],"product_brand":[],"product_cat":[2009],"product_tag":[],"class_list":{"0":"post-21926","1":"product","2":"type-product","3":"status-publish","4":"has-post-thumbnail","6":"product_cat-wooden-box","8":"first","9":"instock","10":"shipping-taxable","11":"purchasable","12":"product-type-simple"},"aioseo_notices":[],"jetpack_sharing_enabled":true,"_links":{"self":[{"href":"https:\/\/tkart.eu\/bg\/wp-json\/wp\/v2\/product\/21926","targetHints":{"allow":["GET"]}}],"collection":[{"href":"https:\/\/tkart.eu\/bg\/wp-json\/wp\/v2\/product"}],"about":[{"href":"https:\/\/tkart.eu\/bg\/wp-json\/wp\/v2\/types\/product"}],"wp:featuredmedia":[{"embeddable":true,"href":"https:\/\/tkart.eu\/bg\/wp-json\/wp\/v2\/media\/21927"}],"wp:attachment":[{"href":"https:\/\/tkart.eu\/bg\/wp-json\/wp\/v2\/media?parent=21926"}],"wp:term":[{"taxonomy":"product_brand","embeddable":true,"href":"https:\/\/tkart.eu\/bg\/wp-json\/wp\/v2\/product_brand?post=21926"},{"taxonomy":"product_cat","embeddable":true,"href":"https:\/\/tkart.eu\/bg\/wp-json\/wp\/v2\/product_cat?post=21926"},{"taxonomy":"product_tag","embeddable":true,"href":"https:\/\/tkart.eu\/bg\/wp-json\/wp\/v2\/product_tag?post=21926"}],"curies":[{"name":"wp","href":"https:\/\/api.w.org\/{rel}","templated":true}]}}