{"id":20606,"date":"2025-06-02T18:13:22","date_gmt":"2025-06-02T18:13:22","guid":{"rendered":"https:\/\/tkart.eu\/produkt\/\u043d\u0435\u043a\u0430\u0442\u0435\u0433\u043e\u0440\u0438\u0437\u0438\u0440\u0430\u043d\u0438\/ukleja-12cm-police-orange\/"},"modified":"2026-04-03T10:00:01","modified_gmt":"2026-04-03T10:00:01","slug":"ukleja-12cm-police-orange","status":"publish","type":"product","link":"https:\/\/tkart.eu\/bg\/produkt\/przynety-na-szczupaka\/przynety-gumowe\/ukleja-12cm-police-orange\/","title":{"rendered":"Ukleja 12cm &#8211; police orange"},"content":{"rendered":"","protected":false},"excerpt":{"rendered":"<h1>Ukleja 12cm \u2013 mi\u0119kka przyn\u0119ta Police Orange na szczupaki i sandacze<\/h1>\n<p>&nbsp;<\/p>\n<p data-start=\"258\" data-end=\"639\">Mi\u0119kka przyn\u0119ta w\u0119dkarska <strong data-start=\"284\" data-end=\"315\">Ukleja 12cm \u2013 Police Orange<\/strong> to skuteczna bro\u0144 na drapie\u017cniki takie jak <strong data-start=\"359\" data-end=\"371\">szczupak<\/strong> i <strong data-start=\"374\" data-end=\"385\">sandacz<\/strong>. Realistyczny korpus imituj\u0105cy uklej\u0119, wykonany z wysokiej jako\u015bci silikonu, \u0142\u0105czy w sobie naturaln\u0105 prac\u0119 ogona z jaskrawymi, prowokuj\u0105cymi detalami w kolorze pomara\u0144czowym. Idealna na trudne warunki \u2013 przy zm\u0119tnionej wodzie lub niskiej aktywno\u015bci ryb.<\/p>\n<p data-start=\"641\" data-end=\"654\">Specyfikacja:<\/p>\n<p><strong data-start=\"747\" data-end=\"757\">Kolor:<\/strong> Police Orange \u2013 kontrastowe wyko\u0144czenie z jaskrawym ogonem i p\u0142etwami<\/p>\n<p data-start=\"829\" data-end=\"1020\">Ukleja Police Orange \u015bwietnie sprawdza si\u0119 podczas spinningu i opadu. Agresywne prowadzenie, opadaj\u0105ca linia i szeroka praca ogona skutecznie przyci\u0105gaj\u0105 drapie\u017cniki nawet z du\u017cej odleg\u0142o\u015bci.<\/p>\n","protected":false},"featured_media":20608,"template":"","meta":[],"product_brand":[],"product_cat":[1485,1281,1280],"product_tag":[1580,1581,1582,1496,1497,1554,1583,1584,1500],"class_list":{"0":"post-20606","1":"product","2":"type-product","3":"status-publish","4":"has-post-thumbnail","6":"product_cat-ukleja","7":"product_cat-przynety-na-szczupaka","8":"product_cat-przynety-gumowe","9":"product_tag-jerkbait-miekki","10":"product_tag-police-orange","11":"product_tag-przyneta-20g","12":"product_tag-przyneta-na-sandacza","13":"product_tag-przyneta-na-szczupaka","14":"product_tag-przyneta-silikonowa","15":"product_tag-przynety-drapieznik","16":"product_tag-spinning-szczupak","17":"product_tag-ukleja-12cm","19":"first","20":"instock","21":"shipping-taxable","22":"purchasable","23":"product-type-simple"},"aioseo_notices":[],"jetpack_sharing_enabled":true,"_links":{"self":[{"href":"https:\/\/tkart.eu\/bg\/wp-json\/wp\/v2\/product\/20606","targetHints":{"allow":["GET"]}}],"collection":[{"href":"https:\/\/tkart.eu\/bg\/wp-json\/wp\/v2\/product"}],"about":[{"href":"https:\/\/tkart.eu\/bg\/wp-json\/wp\/v2\/types\/product"}],"wp:featuredmedia":[{"embeddable":true,"href":"https:\/\/tkart.eu\/bg\/wp-json\/wp\/v2\/media\/20608"}],"wp:attachment":[{"href":"https:\/\/tkart.eu\/bg\/wp-json\/wp\/v2\/media?parent=20606"}],"wp:term":[{"taxonomy":"product_brand","embeddable":true,"href":"https:\/\/tkart.eu\/bg\/wp-json\/wp\/v2\/product_brand?post=20606"},{"taxonomy":"product_cat","embeddable":true,"href":"https:\/\/tkart.eu\/bg\/wp-json\/wp\/v2\/product_cat?post=20606"},{"taxonomy":"product_tag","embeddable":true,"href":"https:\/\/tkart.eu\/bg\/wp-json\/wp\/v2\/product_tag?post=20606"}],"curies":[{"name":"wp","href":"https:\/\/api.w.org\/{rel}","templated":true}]}}